{"id":209,"date":"2021-09-22T15:32:26","date_gmt":"2021-09-22T13:32:26","guid":{"rendered":"http:\/\/kamendizajn.sk\/?page_id=209"},"modified":"2021-09-22T15:32:27","modified_gmt":"2021-09-22T13:32:27","slug":"technicke-informacie","status":"publish","type":"page","link":"https:\/\/kamendizajn.sk\/cz\/technicke-informacie\/","title":{"rendered":"technick\u00e9 informace"},"content":{"rendered":"","protected":false},"excerpt":{"rendered":"","protected":false},"author":1,"featured_media":143,"parent":0,"menu_order":0,"comment_status":"closed","ping_status":"closed","template":"","meta":{"site-sidebar-layout":"default","site-content-layout":"default","ast-site-content-layout":"","site-content-style":"default","site-sidebar-style":"default","ast-global-header-display":"","ast-banner-title-visibility":"","ast-main-header-display":"","ast-hfb-above-header-display":"","ast-hfb-below-header-display":"","ast-hfb-mobile-header-display":"","site-post-title":"","ast-breadcrumbs-content":"","ast-featured-img":"","footer-sml-layout":"","theme-transparent-header-meta":"default","adv-header-id-meta":"","stick-header-meta":"","header-above-stick-meta":"","header-main-stick-meta":"","header-below-stick-meta":"","astra-migrate-meta-layouts":"default","ast-page-background-enabled":"default","ast-page-background-meta":{"desktop":{"background-color":"var(--ast-global-color-4)","background-image":"","background-repeat":"repeat","background-position":"center center","background-size":"auto","background-attachment":"scroll","background-type":"","background-media":"","overlay-type":"","overlay-color":"","overlay-opacity":"","overlay-gradient":""},"tablet":{"background-color":"","background-image":"","background-repeat":"repeat","background-position":"center center","background-size":"auto","background-attachment":"scroll","background-type":"","background-media":"","overlay-type":"","overlay-color":"","overlay-opacity":"","overlay-gradient":""},"mobile":{"background-color":"","background-image":"","background-repeat":"repeat","background-position":"center center","background-size":"auto","background-attachment":"scroll","background-type":"","background-media":"","overlay-type":"","overlay-color":"","overlay-opacity":"","overlay-gradient":""}},"ast-content-background-meta":{"desktop":{"background-color":"var(--ast-global-color-5)","background-image":"","background-repeat":"repeat","background-position":"center center","background-size":"auto","background-attachment":"scroll","background-type":"","background-media":"","overlay-type":"","overlay-color":"","overlay-opacity":"","overlay-gradient":""},"tablet":{"background-color":"var(--ast-global-color-5)","background-image":"","background-repeat":"repeat","background-position":"center center","background-size":"auto","background-attachment":"scroll","background-type":"","background-media":"","overlay-type":"","overlay-color":"","overlay-opacity":"","overlay-gradient":""},"mobile":{"background-color":"var(--ast-global-color-5)","background-image":"","background-repeat":"repeat","background-position":"center center","background-size":"auto","background-attachment":"scroll","background-type":"","background-media":"","overlay-type":"","overlay-color":"","overlay-opacity":"","overlay-gradient":""}},"footnotes":""},"class_list":["post-209","page","type-page","status-publish","has-post-thumbnail","hentry"],"yoast_head":"<!-- This site is optimized with the Yoast SEO plugin v26.8 - https:\/\/yoast.com\/product\/yoast-seo-wordpress\/ -->\n<title>Technick\u00e9 inform\u00e1cie - Kame\u0148dizajn - Kamenn\u00fd obklad skladom od 12,99\u20ac<\/title>\n<meta name=\"description\" content=\"Pon\u00fakame V\u00e1m kamenn\u00fd obklad a tehlov\u00fd obklad skladom u\u017e od 12,90 \u20ac\/m2. Kamenn\u00fd obklad Tip Top a Luna. Tehlov\u00fd obklad Star\u00e1 tehla a Toscana.\" \/>\n<meta name=\"robots\" content=\"index, follow, max-snippet:-1, max-image-preview:large, max-video-preview:-1\" \/>\n<link rel=\"canonical\" href=\"https:\/\/kamendizajn.sk\/cz\/technicke-informacie\/\" \/>\n<meta property=\"og:locale\" content=\"cs_CZ\" \/>\n<meta property=\"og:type\" content=\"article\" \/>\n<meta property=\"og:title\" content=\"Technick\u00e9 inform\u00e1cie - Kame\u0148dizajn - Kamenn\u00fd obklad skladom od 12,99\u20ac\" \/>\n<meta property=\"og:description\" content=\"Pon\u00fakame V\u00e1m kamenn\u00fd obklad a tehlov\u00fd obklad skladom u\u017e od 12,90 \u20ac\/m2. Kamenn\u00fd obklad Tip Top a Luna. Tehlov\u00fd obklad Star\u00e1 tehla a Toscana.\" \/>\n<meta property=\"og:url\" content=\"https:\/\/kamendizajn.sk\/cz\/technicke-informacie\/\" \/>\n<meta property=\"og:site_name\" content=\"Kame\u0148dizajn\" \/>\n<meta property=\"article:modified_time\" content=\"2021-09-22T13:32:27+00:00\" \/>\n<meta property=\"og:image\" content=\"https:\/\/kamendizajn.sk\/wp-content\/uploads\/2021\/09\/staratehlaklasik9.jpg\" \/>\n\t<meta property=\"og:image:width\" content=\"720\" \/>\n\t<meta property=\"og:image:height\" content=\"960\" \/>\n\t<meta property=\"og:image:type\" content=\"image\/jpeg\" \/>\n<meta name=\"twitter:card\" content=\"summary_large_image\" \/>\n<script type=\"application\/ld+json\" class=\"yoast-schema-graph\">{\"@context\":\"https:\/\/schema.org\",\"@graph\":[{\"@type\":\"WebPage\",\"@id\":\"https:\/\/kamendizajn.sk\/cz\/technicke-informacie\/\",\"url\":\"https:\/\/kamendizajn.sk\/cz\/technicke-informacie\/\",\"name\":\"Technick\u00e9 inform\u00e1cie - Kame\u0148dizajn - Kamenn\u00fd obklad skladom od 12,99\u20ac\",\"isPartOf\":{\"@id\":\"https:\/\/kamendizajn.sk\/#website\"},\"primaryImageOfPage\":{\"@id\":\"https:\/\/kamendizajn.sk\/cz\/technicke-informacie\/#primaryimage\"},\"image\":{\"@id\":\"https:\/\/kamendizajn.sk\/cz\/technicke-informacie\/#primaryimage\"},\"thumbnailUrl\":\"https:\/\/kamendizajn.sk\/wp-content\/uploads\/2021\/09\/staratehlaklasik9.jpg\",\"datePublished\":\"2021-09-22T13:32:26+00:00\",\"dateModified\":\"2021-09-22T13:32:27+00:00\",\"description\":\"Pon\u00fakame V\u00e1m kamenn\u00fd obklad a tehlov\u00fd obklad skladom u\u017e od 12,90 \u20ac\/m2. Kamenn\u00fd obklad Tip Top a Luna. Tehlov\u00fd obklad Star\u00e1 tehla a Toscana.\",\"breadcrumb\":{\"@id\":\"https:\/\/kamendizajn.sk\/cz\/technicke-informacie\/#breadcrumb\"},\"inLanguage\":\"cs\",\"potentialAction\":[{\"@type\":\"ReadAction\",\"target\":[\"https:\/\/kamendizajn.sk\/cz\/technicke-informacie\/\"]}]},{\"@type\":\"ImageObject\",\"inLanguage\":\"cs\",\"@id\":\"https:\/\/kamendizajn.sk\/cz\/technicke-informacie\/#primaryimage\",\"url\":\"https:\/\/kamendizajn.sk\/wp-content\/uploads\/2021\/09\/staratehlaklasik9.jpg\",\"contentUrl\":\"https:\/\/kamendizajn.sk\/wp-content\/uploads\/2021\/09\/staratehlaklasik9.jpg\",\"width\":720,\"height\":960,\"caption\":\"Tehlov\u00fd obklad Star\u00e1 tehla\"},{\"@type\":\"BreadcrumbList\",\"@id\":\"https:\/\/kamendizajn.sk\/cz\/technicke-informacie\/#breadcrumb\",\"itemListElement\":[{\"@type\":\"ListItem\",\"position\":1,\"name\":\"Home\",\"item\":\"https:\/\/kamendizajn.sk\/\"},{\"@type\":\"ListItem\",\"position\":2,\"name\":\"Technick\u00e9 inform\u00e1cie\"}]},{\"@type\":\"WebSite\",\"@id\":\"https:\/\/kamendizajn.sk\/#website\",\"url\":\"https:\/\/kamendizajn.sk\/\",\"name\":\"Kame\u0148dizajn\",\"description\":\"Kamenn\u00fd obklad a tehlov\u00fd obklad\",\"publisher\":{\"@id\":\"https:\/\/kamendizajn.sk\/#organization\"},\"potentialAction\":[{\"@type\":\"SearchAction\",\"target\":{\"@type\":\"EntryPoint\",\"urlTemplate\":\"https:\/\/kamendizajn.sk\/?s={search_term_string}\"},\"query-input\":{\"@type\":\"PropertyValueSpecification\",\"valueRequired\":true,\"valueName\":\"search_term_string\"}}],\"inLanguage\":\"cs\"},{\"@type\":\"Organization\",\"@id\":\"https:\/\/kamendizajn.sk\/#organization\",\"name\":\"Kame\u0148dizajn\",\"url\":\"https:\/\/kamendizajn.sk\/\",\"logo\":{\"@type\":\"ImageObject\",\"inLanguage\":\"cs\",\"@id\":\"https:\/\/kamendizajn.sk\/#\/schema\/logo\/image\/\",\"url\":\"https:\/\/kamendizajn.sk\/wp-content\/uploads\/2021\/09\/kamendizajn-logo.png\",\"contentUrl\":\"https:\/\/kamendizajn.sk\/wp-content\/uploads\/2021\/09\/kamendizajn-logo.png\",\"width\":1751,\"height\":369,\"caption\":\"Kame\u0148dizajn\"},\"image\":{\"@id\":\"https:\/\/kamendizajn.sk\/#\/schema\/logo\/image\/\"}}]}<\/script>\n<!-- \/ Yoast SEO plugin. -->","yoast_head_json":{"title":"Technick\u00e9 inform\u00e1cie - Kame\u0148dizajn - Kamenn\u00fd obklad skladom od 12,99\u20ac","description":"Pon\u00fakame V\u00e1m kamenn\u00fd obklad a tehlov\u00fd obklad skladom u\u017e od 12,90 \u20ac\/m2. Kamenn\u00fd obklad Tip Top a Luna. Tehlov\u00fd obklad Star\u00e1 tehla a Toscana.","robots":{"index":"index","follow":"follow","max-snippet":"max-snippet:-1","max-image-preview":"max-image-preview:large","max-video-preview":"max-video-preview:-1"},"canonical":"https:\/\/kamendizajn.sk\/cz\/technicke-informacie\/","og_locale":"cs_CZ","og_type":"article","og_title":"Technick\u00e9 inform\u00e1cie - Kame\u0148dizajn - Kamenn\u00fd obklad skladom od 12,99\u20ac","og_description":"Pon\u00fakame V\u00e1m kamenn\u00fd obklad a tehlov\u00fd obklad skladom u\u017e od 12,90 \u20ac\/m2. Kamenn\u00fd obklad Tip Top a Luna. Tehlov\u00fd obklad Star\u00e1 tehla a Toscana.","og_url":"https:\/\/kamendizajn.sk\/cz\/technicke-informacie\/","og_site_name":"Kame\u0148dizajn","article_modified_time":"2021-09-22T13:32:27+00:00","og_image":[{"width":720,"height":960,"url":"https:\/\/kamendizajn.sk\/wp-content\/uploads\/2021\/09\/staratehlaklasik9.jpg","type":"image\/jpeg"}],"twitter_card":"summary_large_image","schema":{"@context":"https:\/\/schema.org","@graph":[{"@type":"WebPage","@id":"https:\/\/kamendizajn.sk\/cz\/technicke-informacie\/","url":"https:\/\/kamendizajn.sk\/cz\/technicke-informacie\/","name":"Technick\u00e9 inform\u00e1cie - Kame\u0148dizajn - Kamenn\u00fd obklad skladom od 12,99\u20ac","isPartOf":{"@id":"https:\/\/kamendizajn.sk\/#website"},"primaryImageOfPage":{"@id":"https:\/\/kamendizajn.sk\/cz\/technicke-informacie\/#primaryimage"},"image":{"@id":"https:\/\/kamendizajn.sk\/cz\/technicke-informacie\/#primaryimage"},"thumbnailUrl":"https:\/\/kamendizajn.sk\/wp-content\/uploads\/2021\/09\/staratehlaklasik9.jpg","datePublished":"2021-09-22T13:32:26+00:00","dateModified":"2021-09-22T13:32:27+00:00","description":"Pon\u00fakame V\u00e1m kamenn\u00fd obklad a tehlov\u00fd obklad skladom u\u017e od 12,90 \u20ac\/m2. Kamenn\u00fd obklad Tip Top a Luna. Tehlov\u00fd obklad Star\u00e1 tehla a Toscana.","breadcrumb":{"@id":"https:\/\/kamendizajn.sk\/cz\/technicke-informacie\/#breadcrumb"},"inLanguage":"cs","potentialAction":[{"@type":"ReadAction","target":["https:\/\/kamendizajn.sk\/cz\/technicke-informacie\/"]}]},{"@type":"ImageObject","inLanguage":"cs","@id":"https:\/\/kamendizajn.sk\/cz\/technicke-informacie\/#primaryimage","url":"https:\/\/kamendizajn.sk\/wp-content\/uploads\/2021\/09\/staratehlaklasik9.jpg","contentUrl":"https:\/\/kamendizajn.sk\/wp-content\/uploads\/2021\/09\/staratehlaklasik9.jpg","width":720,"height":960,"caption":"Tehlov\u00fd obklad Star\u00e1 tehla"},{"@type":"BreadcrumbList","@id":"https:\/\/kamendizajn.sk\/cz\/technicke-informacie\/#breadcrumb","itemListElement":[{"@type":"ListItem","position":1,"name":"Home","item":"https:\/\/kamendizajn.sk\/"},{"@type":"ListItem","position":2,"name":"Technick\u00e9 inform\u00e1cie"}]},{"@type":"WebSite","@id":"https:\/\/kamendizajn.sk\/#website","url":"https:\/\/kamendizajn.sk\/","name":"Kame\u0148dizajn","description":"Kamenn\u00fd obklad a tehlov\u00fd obklad","publisher":{"@id":"https:\/\/kamendizajn.sk\/#organization"},"potentialAction":[{"@type":"SearchAction","target":{"@type":"EntryPoint","urlTemplate":"https:\/\/kamendizajn.sk\/?s={search_term_string}"},"query-input":{"@type":"PropertyValueSpecification","valueRequired":true,"valueName":"search_term_string"}}],"inLanguage":"cs"},{"@type":"Organization","@id":"https:\/\/kamendizajn.sk\/#organization","name":"Kame\u0148dizajn","url":"https:\/\/kamendizajn.sk\/","logo":{"@type":"ImageObject","inLanguage":"cs","@id":"https:\/\/kamendizajn.sk\/#\/schema\/logo\/image\/","url":"https:\/\/kamendizajn.sk\/wp-content\/uploads\/2021\/09\/kamendizajn-logo.png","contentUrl":"https:\/\/kamendizajn.sk\/wp-content\/uploads\/2021\/09\/kamendizajn-logo.png","width":1751,"height":369,"caption":"Kame\u0148dizajn"},"image":{"@id":"https:\/\/kamendizajn.sk\/#\/schema\/logo\/image\/"}}]}},"_links":{"self":[{"href":"https:\/\/kamendizajn.sk\/cz\/wp-json\/wp\/v2\/pages\/209","targetHints":{"allow":["GET"]}}],"collection":[{"href":"https:\/\/kamendizajn.sk\/cz\/wp-json\/wp\/v2\/pages"}],"about":[{"href":"https:\/\/kamendizajn.sk\/cz\/wp-json\/wp\/v2\/types\/page"}],"author":[{"embeddable":true,"href":"https:\/\/kamendizajn.sk\/cz\/wp-json\/wp\/v2\/users\/1"}],"replies":[{"embeddable":true,"href":"https:\/\/kamendizajn.sk\/cz\/wp-json\/wp\/v2\/comments?post=209"}],"version-history":[{"count":1,"href":"https:\/\/kamendizajn.sk\/cz\/wp-json\/wp\/v2\/pages\/209\/revisions"}],"predecessor-version":[{"id":210,"href":"https:\/\/kamendizajn.sk\/cz\/wp-json\/wp\/v2\/pages\/209\/revisions\/210"}],"wp:featuredmedia":[{"embeddable":true,"href":"https:\/\/kamendizajn.sk\/cz\/wp-json\/wp\/v2\/media\/143"}],"wp:attachment":[{"href":"https:\/\/kamendizajn.sk\/cz\/wp-json\/wp\/v2\/media?parent=209"}],"curies":[{"name":"wp","href":"https:\/\/api.w.org\/{rel}","templated":true}]}}