{"id":466,"date":"2023-03-21T10:16:42","date_gmt":"2023-03-21T09:16:42","guid":{"rendered":"http:\/\/kamendizajn.sk\/?page_id=466"},"modified":"2023-03-21T10:18:59","modified_gmt":"2023-03-21T09:18:59","slug":"dakujeme-za-vas-dopyt","status":"publish","type":"page","link":"https:\/\/kamendizajn.sk\/cz\/dakujeme-za-vas-dopyt\/","title":{"rendered":"D\u011bkujeme za Va\u0161i popt\u00e1vku"},"content":{"rendered":"<div data-elementor-type=\"wp-page\" data-elementor-id=\"466\" class=\"elementor elementor-466\" data-elementor-post-type=\"page\">\n\t\t\t\t\t\t<section class=\"elementor-section elementor-top-section elementor-element elementor-element-01d7c41 elementor-section-boxed elementor-section-height-default elementor-section-height-default\" data-id=\"01d7c41\" data-element_type=\"section\" data-e-type=\"section\">\n\t\t\t\t\t\t<div class=\"elementor-container elementor-column-gap-default\">\n\t\t\t\t\t<div class=\"elementor-column elementor-col-100 elementor-top-column elementor-element elementor-element-713496a\" data-id=\"713496a\" data-element_type=\"column\" data-e-type=\"column\">\n\t\t\t<div class=\"elementor-widget-wrap elementor-element-populated\">\n\t\t\t\t\t\t<div class=\"elementor-element elementor-element-26b4ee1 elementor-widget elementor-widget-heading\" data-id=\"26b4ee1\" data-element_type=\"widget\" data-e-type=\"widget\" data-widget_type=\"heading.default\">\n\t\t\t\t<div class=\"elementor-widget-container\">\n\t\t\t\t\t<h2 class=\"elementor-heading-title elementor-size-default\">D\u011bkujeme za Va\u0161i popt\u00e1vku<\/h2>\t\t\t\t<\/div>\n\t\t\t\t<\/div>\n\t\t\t\t<div class=\"elementor-element elementor-element-56fcc97 elementor-widget elementor-widget-text-editor\" data-id=\"56fcc97\" data-element_type=\"widget\" data-e-type=\"widget\" data-widget_type=\"text-editor.default\">\n\t\t\t\t<div class=\"elementor-widget-container\">\n\t\t\t\t\t\t\t\t\t<p>V\u00e1\u0161 kontaktn\u00ed formul\u00e1\u0159 jsme \u00fasp\u011b\u0161n\u011b zpracovali a brzy se mu budeme pln\u011b v\u011bnovat. Na Va\u0161i zpr\u00e1vu budeme odpov\u00eddat nejpozd\u011bji do 24 hodin od jej\u00edho odesl\u00e1n\u00ed. P\u0159edem d\u011bkujeme za Va\u0161i trp\u011blivost a t\u011b\u0161\u00edme se na na\u0161i p\u0159\u00edpadnou spolupr\u00e1ci!<\/p>\t\t\t\t\t\t\t\t<\/div>\n\t\t\t\t<\/div>\n\t\t\t\t<div class=\"elementor-element elementor-element-ad02d9e elementor-align-center elementor-widget elementor-widget-button\" data-id=\"ad02d9e\" data-element_type=\"widget\" data-e-type=\"widget\" data-widget_type=\"button.default\">\n\t\t\t\t<div class=\"elementor-widget-container\">\n\t\t\t\t\t\t\t\t\t<div class=\"elementor-button-wrapper\">\n\t\t\t\t\t<a class=\"elementor-button elementor-button-link elementor-size-sm\" href=\"https:\/\/kamendizajn.sk\/cz\/\">\n\t\t\t\t\t\t<span class=\"elementor-button-content-wrapper\">\n\t\t\t\t\t\t\t\t\t<span class=\"elementor-button-text\">Domovsk\u00e1 str\u00e1nka<\/span>\n\t\t\t\t\t<\/span>\n\t\t\t\t\t<\/a>\n\t\t\t\t<\/div>\n\t\t\t\t\t\t\t\t<\/div>\n\t\t\t\t<\/div>\n\t\t\t\t\t<\/div>\n\t\t<\/div>\n\t\t\t\t\t<\/div>\n\t\t<\/section>\n\t\t\t\t<\/div>","protected":false},"excerpt":{"rendered":"<p>D\u011bkujeme za Va\u0161i popt\u00e1vku V\u00e1\u0161 kontaktn\u00ed formul\u00e1\u0159 jsme \u00fasp\u011b\u0161n\u011b zpracovali a brzy se mu budeme naplno v\u011bnovat. Na Va\u0161i zpr\u00e1vu budeme odpov\u00eddat nejpozd\u011bji do 24 hodin od jej\u00edho odesl\u00e1n\u00ed. P\u0159edem d\u011bkujeme za Va\u0161i trp\u011blivost a t\u011b\u0161\u00edme se na na\u0161i p\u0159\u00edpadnou spolupr\u00e1ci! Domovsk\u00e1 str\u00e1nka<\/p>","protected":false},"author":1,"featured_media":0,"parent":0,"menu_order":0,"comment_status":"closed","ping_status":"closed","template":"","meta":{"site-sidebar-layout":"no-sidebar","site-content-layout":"page-builder","ast-site-content-layout":"","site-content-style":"default","site-sidebar-style":"default","ast-global-header-display":"","ast-banner-title-visibility":"","ast-main-header-display":"","ast-hfb-above-header-display":"","ast-hfb-below-header-display":"","ast-hfb-mobile-header-display":"","site-post-title":"disabled","ast-breadcrumbs-content":"","ast-featured-img":"disabled","footer-sml-layout":"","theme-transparent-header-meta":"default","adv-header-id-meta":"","stick-header-meta":"","header-above-stick-meta":"","header-main-stick-meta":"","header-below-stick-meta":"","astra-migrate-meta-layouts":"default","ast-page-background-enabled":"default","ast-page-background-meta":{"desktop":{"background-color":"var(--ast-global-color-4)","background-image":"","background-repeat":"repeat","background-position":"center center","background-size":"auto","background-attachment":"scroll","background-type":"","background-media":"","overlay-type":"","overlay-color":"","overlay-opacity":"","overlay-gradient":""},"tablet":{"background-color":"","background-image":"","background-repeat":"repeat","background-position":"center center","background-size":"auto","background-attachment":"scroll","background-type":"","background-media":"","overlay-type":"","overlay-color":"","overlay-opacity":"","overlay-gradient":""},"mobile":{"background-color":"","background-image":"","background-repeat":"repeat","background-position":"center center","background-size":"auto","background-attachment":"scroll","background-type":"","background-media":"","overlay-type":"","overlay-color":"","overlay-opacity":"","overlay-gradient":""}},"ast-content-background-meta":{"desktop":{"background-color":"var(--ast-global-color-5)","background-image":"","background-repeat":"repeat","background-position":"center center","background-size":"auto","background-attachment":"scroll","background-type":"","background-media":"","overlay-type":"","overlay-color":"","overlay-opacity":"","overlay-gradient":""},"tablet":{"background-color":"var(--ast-global-color-5)","background-image":"","background-repeat":"repeat","background-position":"center center","background-size":"auto","background-attachment":"scroll","background-type":"","background-media":"","overlay-type":"","overlay-color":"","overlay-opacity":"","overlay-gradient":""},"mobile":{"background-color":"var(--ast-global-color-5)","background-image":"","background-repeat":"repeat","background-position":"center center","background-size":"auto","background-attachment":"scroll","background-type":"","background-media":"","overlay-type":"","overlay-color":"","overlay-opacity":"","overlay-gradient":""}},"footnotes":""},"class_list":["post-466","page","type-page","status-publish","hentry"],"yoast_head":"<!-- This site is optimized with the Yoast SEO plugin v26.8 - https:\/\/yoast.com\/product\/yoast-seo-wordpress\/ -->\n<title>\u010eakujeme za V\u00e1\u0161 dopyt - Kame\u0148dizajn<\/title>\n<meta name=\"robots\" content=\"index, follow, max-snippet:-1, max-image-preview:large, max-video-preview:-1\" \/>\n<link rel=\"canonical\" href=\"https:\/\/kamendizajn.sk\/cz\/dakujeme-za-vas-dopyt\/\" \/>\n<meta property=\"og:locale\" content=\"cs_CZ\" \/>\n<meta property=\"og:type\" content=\"article\" \/>\n<meta property=\"og:title\" content=\"\u010eakujeme za V\u00e1\u0161 dopyt - Kame\u0148dizajn\" \/>\n<meta property=\"og:description\" content=\"\u010eakujeme za V\u00e1\u0161 dopyt V\u00e1\u0161 kontaktn\u00fd formul\u00e1r sme \u00faspe\u0161ne spracovali a \u010doskoro sa mu budeme naplno venova\u0165. Na Va\u0161u spr\u00e1vu budeme odpoveda\u0165 najnesk\u00f4r do 24 hod\u00edn od jej odoslania. Vopred \u010fakujeme za Va\u0161u trpezlivos\u0165 a te\u0161\u00edme sa na na\u0161u pr\u00edpadn\u00fa spolupr\u00e1cu! Domovsk\u00e1 str\u00e1nka\" \/>\n<meta property=\"og:url\" content=\"https:\/\/kamendizajn.sk\/cz\/dakujeme-za-vas-dopyt\/\" \/>\n<meta property=\"og:site_name\" content=\"Kame\u0148dizajn\" \/>\n<meta property=\"article:modified_time\" content=\"2023-03-21T09:18:59+00:00\" \/>\n<meta name=\"twitter:card\" content=\"summary_large_image\" \/>\n<meta name=\"twitter:label1\" content=\"Odhadovan\u00e1 doba \u010dten\u00ed\" \/>\n\t<meta name=\"twitter:data1\" content=\"1 minuta\" \/>\n<script type=\"application\/ld+json\" class=\"yoast-schema-graph\">{\"@context\":\"https:\/\/schema.org\",\"@graph\":[{\"@type\":\"WebPage\",\"@id\":\"https:\/\/kamendizajn.sk\/cz\/dakujeme-za-vas-dopyt\/\",\"url\":\"https:\/\/kamendizajn.sk\/cz\/dakujeme-za-vas-dopyt\/\",\"name\":\"\u010eakujeme za V\u00e1\u0161 dopyt - Kame\u0148dizajn\",\"isPartOf\":{\"@id\":\"https:\/\/kamendizajn.sk\/#website\"},\"datePublished\":\"2023-03-21T09:16:42+00:00\",\"dateModified\":\"2023-03-21T09:18:59+00:00\",\"breadcrumb\":{\"@id\":\"https:\/\/kamendizajn.sk\/cz\/dakujeme-za-vas-dopyt\/#breadcrumb\"},\"inLanguage\":\"cs\",\"potentialAction\":[{\"@type\":\"ReadAction\",\"target\":[\"https:\/\/kamendizajn.sk\/cz\/dakujeme-za-vas-dopyt\/\"]}]},{\"@type\":\"BreadcrumbList\",\"@id\":\"https:\/\/kamendizajn.sk\/cz\/dakujeme-za-vas-dopyt\/#breadcrumb\",\"itemListElement\":[{\"@type\":\"ListItem\",\"position\":1,\"name\":\"Home\",\"item\":\"https:\/\/kamendizajn.sk\/\"},{\"@type\":\"ListItem\",\"position\":2,\"name\":\"\u010eakujeme za V\u00e1\u0161 dopyt\"}]},{\"@type\":\"WebSite\",\"@id\":\"https:\/\/kamendizajn.sk\/#website\",\"url\":\"https:\/\/kamendizajn.sk\/\",\"name\":\"Kame\u0148dizajn\",\"description\":\"Kamenn\u00fd obklad a tehlov\u00fd obklad\",\"publisher\":{\"@id\":\"https:\/\/kamendizajn.sk\/#organization\"},\"potentialAction\":[{\"@type\":\"SearchAction\",\"target\":{\"@type\":\"EntryPoint\",\"urlTemplate\":\"https:\/\/kamendizajn.sk\/?s={search_term_string}\"},\"query-input\":{\"@type\":\"PropertyValueSpecification\",\"valueRequired\":true,\"valueName\":\"search_term_string\"}}],\"inLanguage\":\"cs\"},{\"@type\":\"Organization\",\"@id\":\"https:\/\/kamendizajn.sk\/#organization\",\"name\":\"Kame\u0148dizajn\",\"url\":\"https:\/\/kamendizajn.sk\/\",\"logo\":{\"@type\":\"ImageObject\",\"inLanguage\":\"cs\",\"@id\":\"https:\/\/kamendizajn.sk\/#\/schema\/logo\/image\/\",\"url\":\"https:\/\/kamendizajn.sk\/wp-content\/uploads\/2021\/09\/kamendizajn-logo.png\",\"contentUrl\":\"https:\/\/kamendizajn.sk\/wp-content\/uploads\/2021\/09\/kamendizajn-logo.png\",\"width\":1751,\"height\":369,\"caption\":\"Kame\u0148dizajn\"},\"image\":{\"@id\":\"https:\/\/kamendizajn.sk\/#\/schema\/logo\/image\/\"}}]}<\/script>\n<!-- \/ Yoast SEO plugin. -->","yoast_head_json":{"title":"\u010eakujeme za V\u00e1\u0161 dopyt - Kame\u0148dizajn","robots":{"index":"index","follow":"follow","max-snippet":"max-snippet:-1","max-image-preview":"max-image-preview:large","max-video-preview":"max-video-preview:-1"},"canonical":"https:\/\/kamendizajn.sk\/cz\/dakujeme-za-vas-dopyt\/","og_locale":"cs_CZ","og_type":"article","og_title":"\u010eakujeme za V\u00e1\u0161 dopyt - Kame\u0148dizajn","og_description":"\u010eakujeme za V\u00e1\u0161 dopyt V\u00e1\u0161 kontaktn\u00fd formul\u00e1r sme \u00faspe\u0161ne spracovali a \u010doskoro sa mu budeme naplno venova\u0165. Na Va\u0161u spr\u00e1vu budeme odpoveda\u0165 najnesk\u00f4r do 24 hod\u00edn od jej odoslania. Vopred \u010fakujeme za Va\u0161u trpezlivos\u0165 a te\u0161\u00edme sa na na\u0161u pr\u00edpadn\u00fa spolupr\u00e1cu! Domovsk\u00e1 str\u00e1nka","og_url":"https:\/\/kamendizajn.sk\/cz\/dakujeme-za-vas-dopyt\/","og_site_name":"Kame\u0148dizajn","article_modified_time":"2023-03-21T09:18:59+00:00","twitter_card":"summary_large_image","twitter_misc":{"Odhadovan\u00e1 doba \u010dten\u00ed":"1 minuta"},"schema":{"@context":"https:\/\/schema.org","@graph":[{"@type":"WebPage","@id":"https:\/\/kamendizajn.sk\/cz\/dakujeme-za-vas-dopyt\/","url":"https:\/\/kamendizajn.sk\/cz\/dakujeme-za-vas-dopyt\/","name":"\u010eakujeme za V\u00e1\u0161 dopyt - Kame\u0148dizajn","isPartOf":{"@id":"https:\/\/kamendizajn.sk\/#website"},"datePublished":"2023-03-21T09:16:42+00:00","dateModified":"2023-03-21T09:18:59+00:00","breadcrumb":{"@id":"https:\/\/kamendizajn.sk\/cz\/dakujeme-za-vas-dopyt\/#breadcrumb"},"inLanguage":"cs","potentialAction":[{"@type":"ReadAction","target":["https:\/\/kamendizajn.sk\/cz\/dakujeme-za-vas-dopyt\/"]}]},{"@type":"BreadcrumbList","@id":"https:\/\/kamendizajn.sk\/cz\/dakujeme-za-vas-dopyt\/#breadcrumb","itemListElement":[{"@type":"ListItem","position":1,"name":"Home","item":"https:\/\/kamendizajn.sk\/"},{"@type":"ListItem","position":2,"name":"\u010eakujeme za V\u00e1\u0161 dopyt"}]},{"@type":"WebSite","@id":"https:\/\/kamendizajn.sk\/#website","url":"https:\/\/kamendizajn.sk\/","name":"Kame\u0148dizajn","description":"Kamenn\u00fd obklad a tehlov\u00fd obklad","publisher":{"@id":"https:\/\/kamendizajn.sk\/#organization"},"potentialAction":[{"@type":"SearchAction","target":{"@type":"EntryPoint","urlTemplate":"https:\/\/kamendizajn.sk\/?s={search_term_string}"},"query-input":{"@type":"PropertyValueSpecification","valueRequired":true,"valueName":"search_term_string"}}],"inLanguage":"cs"},{"@type":"Organization","@id":"https:\/\/kamendizajn.sk\/#organization","name":"Kame\u0148dizajn","url":"https:\/\/kamendizajn.sk\/","logo":{"@type":"ImageObject","inLanguage":"cs","@id":"https:\/\/kamendizajn.sk\/#\/schema\/logo\/image\/","url":"https:\/\/kamendizajn.sk\/wp-content\/uploads\/2021\/09\/kamendizajn-logo.png","contentUrl":"https:\/\/kamendizajn.sk\/wp-content\/uploads\/2021\/09\/kamendizajn-logo.png","width":1751,"height":369,"caption":"Kame\u0148dizajn"},"image":{"@id":"https:\/\/kamendizajn.sk\/#\/schema\/logo\/image\/"}}]}},"_links":{"self":[{"href":"https:\/\/kamendizajn.sk\/cz\/wp-json\/wp\/v2\/pages\/466","targetHints":{"allow":["GET"]}}],"collection":[{"href":"https:\/\/kamendizajn.sk\/cz\/wp-json\/wp\/v2\/pages"}],"about":[{"href":"https:\/\/kamendizajn.sk\/cz\/wp-json\/wp\/v2\/types\/page"}],"author":[{"embeddable":true,"href":"https:\/\/kamendizajn.sk\/cz\/wp-json\/wp\/v2\/users\/1"}],"replies":[{"embeddable":true,"href":"https:\/\/kamendizajn.sk\/cz\/wp-json\/wp\/v2\/comments?post=466"}],"version-history":[{"count":5,"href":"https:\/\/kamendizajn.sk\/cz\/wp-json\/wp\/v2\/pages\/466\/revisions"}],"predecessor-version":[{"id":471,"href":"https:\/\/kamendizajn.sk\/cz\/wp-json\/wp\/v2\/pages\/466\/revisions\/471"}],"wp:attachment":[{"href":"https:\/\/kamendizajn.sk\/cz\/wp-json\/wp\/v2\/media?parent=466"}],"curies":[{"name":"wp","href":"https:\/\/api.w.org\/{rel}","templated":true}]}}