{"id":519,"date":"2023-07-11T14:08:49","date_gmt":"2023-07-11T12:08:49","guid":{"rendered":"http:\/\/kamendizajn.sk\/?post_type=product&#038;p=519"},"modified":"2024-10-30T16:54:01","modified_gmt":"2024-10-30T15:54:01","slug":"tehlovy-obklad-toscana-capuccino","status":"publish","type":"product","link":"https:\/\/kamendizajn.sk\/cz\/produkt\/tehlovy-obklad-toscana-capuccino\/","title":{"rendered":"Cihlov\u00fd obklad Toscana Capuccino"},"content":{"rendered":"<h3><strong>Pro\u010d si vybrat cihlov\u00fd obklad?<\/strong><\/h3>\n<ul>\n<li><strong>Cihla je velmi odoln\u00fd materi\u00e1l.<\/strong>\u00a0Technick\u00e9 a estetick\u00e9 parametry cihly maj\u00ed velk\u00e9 v\u00fdhody, cihlu neznehodnocuje ani voda, teplo \u010di chlad<\/li>\n<li><strong>Barvy nevyblednou.<\/strong>\u00a0J\u00edl a miner\u00e1ln\u00ed p\u00edsky tvo\u0159\u00ed p\u0159\u00edrodn\u00ed barvu, barva obkladu se tedy do\u017eivotn\u011b nem\u011bn\u00ed.<\/li>\n<li><strong>Bez \u00fadr\u017eby.<\/strong>\u00a0Cihla m\u011b velmi n\u00edzkou absorpci, proto na n\u00ed nez\u016fst\u00e1vaj\u00ed \u017e\u00e1dn\u00e9 skvrny ani fleky. Nebudete pot\u0159ebovat \u017e\u00e1dn\u00e9 speci\u00e1ln\u00ed \u010distic\u00ed prost\u0159edky, na o\u010di\u0161t\u011bn\u00ed bude sta\u010dit oby\u010dejn\u00e1 voda!<\/li>\n<li><strong>Nad\u010dasov\u00fd design.<\/strong>\u00a0Cihla se pou\u017e\u00edv\u00e1 v architektu\u0159e od nepam\u011bti. M\u016f\u017eete si b\u00fdt jisti, \u017ee pokud ji pou\u017eijete dnes, tak bude stejn\u011b atraktivn\u00ed i dal\u0161\u00ed desetilet\u00ed.<\/li>\n<li><strong>Barevnost.<\/strong>\u00a0V na\u0161\u00ed nab\u00eddce najdete r\u016fzn\u00e9 barevn\u00e9 varianty cihly, rozhodnut\u00ed je pouze na v\u00e1s, kter\u00e1 barva je pro v\u00e1\u0161 interi\u00e9r ta nejlep\u0161\u00ed, r\u00e1di v\u00e1m s v\u00fdb\u011brem pom\u016f\u017eeme.<\/li>\n<\/ul>\n<p>V galerii dekorativn\u00edho kamene star\u00e9 cihly m\u016f\u017eete vid\u011bt na\u0161e realizace, kter\u00e9 slou\u017e\u00ed jako inspirace a p\u0159edstava o tom, jak byste si mohli za\u0159\u00eddit V\u00e1\u0161 domov. Obklad star\u00e1 cihla je vyroben v rozm\u011brech 28 x 6x 1 cm. Balen\u00fd je v kartonov\u00fdch krabic\u00edch. Hmotnost 1m2 je cca 23kg. Dekorativn\u00ed cihlov\u00e9 obklady se vyr\u00e1b\u011bj\u00ed v osmi r\u016fzn\u00fdch barv\u00e1ch. Obklad je vyr\u00e1b\u011bn v\u00fdhradn\u011b z b\u00edl\u00e9ho, portlandsk\u00e9ho cementu 52,5N.<\/p>","protected":false},"excerpt":{"rendered":"<p>V z\u00e1vislosti na typu cihly m\u016f\u017ee b\u00fdt V\u00e1\u0161 prostor rustik\u00e1ln\u00ed, klasick\u00fd nebo modern\u00ed. Obklad star\u00e1 cihla se m\u016f\u017ee aplikovat na st\u011bny, ploty a oblouky. Interi\u00e9r a exteri\u00e9r z cihel se st\u00e1v\u00e1 teplej\u0161\u00edm a p\u0159\u00edjemn\u011bj\u0161\u00edm. Cihla stejn\u011b dokonale zapadne i do modern\u00edch minimalistick\u00fdch prostor\u016f, kter\u00e9 \u010dastokr\u00e1t p\u016fsob\u00ed chladn\u00fdm dojmem.<\/p>","protected":false},"featured_media":175,"template":"","meta":{"site-sidebar-layout":"default","site-content-layout":"default","ast-site-content-layout":"","site-content-style":"default","site-sidebar-style":"default","ast-global-header-display":"","ast-banner-title-visibility":"","ast-main-header-display":"","ast-hfb-above-header-display":"","ast-hfb-below-header-display":"","ast-hfb-mobile-header-display":"","site-post-title":"","ast-breadcrumbs-content":"","ast-featured-img":"","footer-sml-layout":"","theme-transparent-header-meta":"default","adv-header-id-meta":"","stick-header-meta":"","header-above-stick-meta":"","header-main-stick-meta":"","header-below-stick-meta":"","astra-migrate-meta-layouts":"default","ast-page-background-enabled":"default","ast-page-background-meta":{"desktop":{"background-color":"var(--ast-global-color-4)","background-image":"","background-repeat":"repeat","background-position":"center center","background-size":"auto","background-attachment":"scroll","background-type":"","background-media":"","overlay-type":"","overlay-color":"","overlay-opacity":"","overlay-gradient":""},"tablet":{"background-color":"","background-image":"","background-repeat":"repeat","background-position":"center center","background-size":"auto","background-attachment":"scroll","background-type":"","background-media":"","overlay-type":"","overlay-color":"","overlay-opacity":"","overlay-gradient":""},"mobile":{"background-color":"","background-image":"","background-repeat":"repeat","background-position":"center center","background-size":"auto","background-attachment":"scroll","background-type":"","background-media":"","overlay-type":"","overlay-color":"","overlay-opacity":"","overlay-gradient":""}},"ast-content-background-meta":{"desktop":{"background-color":"var(--ast-global-color-5)","background-image":"","background-repeat":"repeat","background-position":"center center","background-size":"auto","background-attachment":"scroll","background-type":"","background-media":"","overlay-type":"","overlay-color":"","overlay-opacity":"","overlay-gradient":""},"tablet":{"background-color":"var(--ast-global-color-5)","background-image":"","background-repeat":"repeat","background-position":"center center","background-size":"auto","background-attachment":"scroll","background-type":"","background-media":"","overlay-type":"","overlay-color":"","overlay-opacity":"","overlay-gradient":""},"mobile":{"background-color":"var(--ast-global-color-5)","background-image":"","background-repeat":"repeat","background-position":"center center","background-size":"auto","background-attachment":"scroll","background-type":"","background-media":"","overlay-type":"","overlay-color":"","overlay-opacity":"","overlay-gradient":""}}},"product_brand":[],"product_cat":[34,30],"product_tag":[],"class_list":{"0":"post-519","1":"product","2":"type-product","3":"status-publish","4":"has-post-thumbnail","6":"product_cat-tehlovy-obklad-toscana","7":"product_cat-tehlovy-obklad","8":"desktop-align-center","9":"tablet-align-left","10":"mobile-align-left","12":"first","13":"instock","14":"shipping-taxable","15":"purchasable","16":"product-type-simple"},"yoast_head":"<!-- This site is optimized with the Yoast SEO plugin v26.8 - https:\/\/yoast.com\/product\/yoast-seo-wordpress\/ -->\n<title>Tehlov\u00fd obklad Toscana Capuccino - Kame\u0148dizajn<\/title>\n<meta name=\"robots\" content=\"index, follow, max-snippet:-1, max-image-preview:large, max-video-preview:-1\" \/>\n<link rel=\"canonical\" href=\"https:\/\/kamendizajn.sk\/cz\/produkt\/tehlovy-obklad-toscana-capuccino\/\" \/>\n<meta property=\"og:locale\" content=\"cs_CZ\" \/>\n<meta property=\"og:type\" content=\"article\" \/>\n<meta property=\"og:title\" content=\"Tehlov\u00fd obklad Toscana Capuccino - Kame\u0148dizajn\" \/>\n<meta property=\"og:description\" content=\"V\u00a0z\u00e1vislosti od typu tehly m\u00f4\u017ee by\u0165 V\u00e1\u0161 priestor rustik\u00e1lny, klasick\u00fd alebo modern\u00fd.\u00a0 Obklad star\u00e1 tehla sa m\u00f4\u017ee aplikova\u0165 na steny, ploty a\u00a0obl\u00faky. Interi\u00e9r a\u00a0exteri\u00e9r z\u00a0teh\u00e1l sa st\u00e1va teplej\u0161\u00edm a\u00a0pr\u00edjemnej\u0161\u00edm. Tehla rovnako dokonale zapadne aj do modern\u00fdch minimalistick\u00fdch priestorov, ktor\u00e9 \u010dasto kr\u00e1t p\u00f4sobia chladn\u00fdm dojmom.\" \/>\n<meta property=\"og:url\" content=\"https:\/\/kamendizajn.sk\/cz\/produkt\/tehlovy-obklad-toscana-capuccino\/\" \/>\n<meta property=\"og:site_name\" content=\"Kame\u0148dizajn\" \/>\n<meta property=\"article:modified_time\" content=\"2024-10-30T15:54:01+00:00\" \/>\n<meta property=\"og:image\" content=\"https:\/\/kamendizajn.sk\/wp-content\/uploads\/2021\/09\/toscana-cappucino.jpg\" \/>\n\t<meta property=\"og:image:width\" content=\"500\" \/>\n\t<meta property=\"og:image:height\" content=\"375\" \/>\n\t<meta property=\"og:image:type\" content=\"image\/jpeg\" \/>\n<meta name=\"twitter:card\" content=\"summary_large_image\" \/>\n<meta name=\"twitter:label1\" content=\"Odhadovan\u00e1 doba \u010dten\u00ed\" \/>\n\t<meta name=\"twitter:data1\" content=\"2 minuty\" \/>\n<script type=\"application\/ld+json\" class=\"yoast-schema-graph\">{\"@context\":\"https:\/\/schema.org\",\"@graph\":[{\"@type\":\"WebPage\",\"@id\":\"https:\/\/kamendizajn.sk\/produkt\/tehlovy-obklad-toscana-capuccino\/\",\"url\":\"https:\/\/kamendizajn.sk\/produkt\/tehlovy-obklad-toscana-capuccino\/\",\"name\":\"Tehlov\u00fd obklad Toscana Capuccino - Kame\u0148dizajn\",\"isPartOf\":{\"@id\":\"https:\/\/kamendizajn.sk\/#website\"},\"primaryImageOfPage\":{\"@id\":\"https:\/\/kamendizajn.sk\/produkt\/tehlovy-obklad-toscana-capuccino\/#primaryimage\"},\"image\":{\"@id\":\"https:\/\/kamendizajn.sk\/produkt\/tehlovy-obklad-toscana-capuccino\/#primaryimage\"},\"thumbnailUrl\":\"https:\/\/kamendizajn.sk\/wp-content\/uploads\/2021\/09\/toscana-cappucino.jpg\",\"datePublished\":\"2023-07-11T12:08:49+00:00\",\"dateModified\":\"2024-10-30T15:54:01+00:00\",\"breadcrumb\":{\"@id\":\"https:\/\/kamendizajn.sk\/produkt\/tehlovy-obklad-toscana-capuccino\/#breadcrumb\"},\"inLanguage\":\"cs\",\"potentialAction\":[{\"@type\":\"ReadAction\",\"target\":[\"https:\/\/kamendizajn.sk\/produkt\/tehlovy-obklad-toscana-capuccino\/\"]}]},{\"@type\":\"ImageObject\",\"inLanguage\":\"cs\",\"@id\":\"https:\/\/kamendizajn.sk\/produkt\/tehlovy-obklad-toscana-capuccino\/#primaryimage\",\"url\":\"https:\/\/kamendizajn.sk\/wp-content\/uploads\/2021\/09\/toscana-cappucino.jpg\",\"contentUrl\":\"https:\/\/kamendizajn.sk\/wp-content\/uploads\/2021\/09\/toscana-cappucino.jpg\",\"width\":500,\"height\":375,\"caption\":\"Kamenn\u00fd obklad a tehlov\u00fd obklad\"},{\"@type\":\"BreadcrumbList\",\"@id\":\"https:\/\/kamendizajn.sk\/produkt\/tehlovy-obklad-toscana-capuccino\/#breadcrumb\",\"itemListElement\":[{\"@type\":\"ListItem\",\"position\":1,\"name\":\"Home\",\"item\":\"https:\/\/kamendizajn.sk\/\"},{\"@type\":\"ListItem\",\"position\":2,\"name\":\"Obchod\",\"item\":\"https:\/\/kamendizajn.sk\/obchod\/\"},{\"@type\":\"ListItem\",\"position\":3,\"name\":\"Tehlov\u00fd obklad Toscana Capuccino\"}]},{\"@type\":\"WebSite\",\"@id\":\"https:\/\/kamendizajn.sk\/#website\",\"url\":\"https:\/\/kamendizajn.sk\/\",\"name\":\"Kame\u0148dizajn\",\"description\":\"Kamenn\u00fd obklad a tehlov\u00fd obklad\",\"publisher\":{\"@id\":\"https:\/\/kamendizajn.sk\/#organization\"},\"potentialAction\":[{\"@type\":\"SearchAction\",\"target\":{\"@type\":\"EntryPoint\",\"urlTemplate\":\"https:\/\/kamendizajn.sk\/?s={search_term_string}\"},\"query-input\":{\"@type\":\"PropertyValueSpecification\",\"valueRequired\":true,\"valueName\":\"search_term_string\"}}],\"inLanguage\":\"cs\"},{\"@type\":\"Organization\",\"@id\":\"https:\/\/kamendizajn.sk\/#organization\",\"name\":\"Kame\u0148dizajn\",\"url\":\"https:\/\/kamendizajn.sk\/\",\"logo\":{\"@type\":\"ImageObject\",\"inLanguage\":\"cs\",\"@id\":\"https:\/\/kamendizajn.sk\/#\/schema\/logo\/image\/\",\"url\":\"https:\/\/kamendizajn.sk\/wp-content\/uploads\/2021\/09\/kamendizajn-logo.png\",\"contentUrl\":\"https:\/\/kamendizajn.sk\/wp-content\/uploads\/2021\/09\/kamendizajn-logo.png\",\"width\":1751,\"height\":369,\"caption\":\"Kame\u0148dizajn\"},\"image\":{\"@id\":\"https:\/\/kamendizajn.sk\/#\/schema\/logo\/image\/\"}}]}<\/script>\n<!-- \/ Yoast SEO plugin. -->","yoast_head_json":{"title":"Tehlov\u00fd obklad Toscana Capuccino - Kame\u0148dizajn","robots":{"index":"index","follow":"follow","max-snippet":"max-snippet:-1","max-image-preview":"max-image-preview:large","max-video-preview":"max-video-preview:-1"},"canonical":"https:\/\/kamendizajn.sk\/cz\/produkt\/tehlovy-obklad-toscana-capuccino\/","og_locale":"cs_CZ","og_type":"article","og_title":"Tehlov\u00fd obklad Toscana Capuccino - Kame\u0148dizajn","og_description":"V\u00a0z\u00e1vislosti od typu tehly m\u00f4\u017ee by\u0165 V\u00e1\u0161 priestor rustik\u00e1lny, klasick\u00fd alebo modern\u00fd.\u00a0 Obklad star\u00e1 tehla sa m\u00f4\u017ee aplikova\u0165 na steny, ploty a\u00a0obl\u00faky. Interi\u00e9r a\u00a0exteri\u00e9r z\u00a0teh\u00e1l sa st\u00e1va teplej\u0161\u00edm a\u00a0pr\u00edjemnej\u0161\u00edm. Tehla rovnako dokonale zapadne aj do modern\u00fdch minimalistick\u00fdch priestorov, ktor\u00e9 \u010dasto kr\u00e1t p\u00f4sobia chladn\u00fdm dojmom.","og_url":"https:\/\/kamendizajn.sk\/cz\/produkt\/tehlovy-obklad-toscana-capuccino\/","og_site_name":"Kame\u0148dizajn","article_modified_time":"2024-10-30T15:54:01+00:00","og_image":[{"width":500,"height":375,"url":"https:\/\/kamendizajn.sk\/wp-content\/uploads\/2021\/09\/toscana-cappucino.jpg","type":"image\/jpeg"}],"twitter_card":"summary_large_image","twitter_misc":{"Odhadovan\u00e1 doba \u010dten\u00ed":"2 minuty"},"schema":{"@context":"https:\/\/schema.org","@graph":[{"@type":"WebPage","@id":"https:\/\/kamendizajn.sk\/produkt\/tehlovy-obklad-toscana-capuccino\/","url":"https:\/\/kamendizajn.sk\/produkt\/tehlovy-obklad-toscana-capuccino\/","name":"Tehlov\u00fd obklad Toscana Capuccino - Kame\u0148dizajn","isPartOf":{"@id":"https:\/\/kamendizajn.sk\/#website"},"primaryImageOfPage":{"@id":"https:\/\/kamendizajn.sk\/produkt\/tehlovy-obklad-toscana-capuccino\/#primaryimage"},"image":{"@id":"https:\/\/kamendizajn.sk\/produkt\/tehlovy-obklad-toscana-capuccino\/#primaryimage"},"thumbnailUrl":"https:\/\/kamendizajn.sk\/wp-content\/uploads\/2021\/09\/toscana-cappucino.jpg","datePublished":"2023-07-11T12:08:49+00:00","dateModified":"2024-10-30T15:54:01+00:00","breadcrumb":{"@id":"https:\/\/kamendizajn.sk\/produkt\/tehlovy-obklad-toscana-capuccino\/#breadcrumb"},"inLanguage":"cs","potentialAction":[{"@type":"ReadAction","target":["https:\/\/kamendizajn.sk\/produkt\/tehlovy-obklad-toscana-capuccino\/"]}]},{"@type":"ImageObject","inLanguage":"cs","@id":"https:\/\/kamendizajn.sk\/produkt\/tehlovy-obklad-toscana-capuccino\/#primaryimage","url":"https:\/\/kamendizajn.sk\/wp-content\/uploads\/2021\/09\/toscana-cappucino.jpg","contentUrl":"https:\/\/kamendizajn.sk\/wp-content\/uploads\/2021\/09\/toscana-cappucino.jpg","width":500,"height":375,"caption":"Kamenn\u00fd obklad a tehlov\u00fd obklad"},{"@type":"BreadcrumbList","@id":"https:\/\/kamendizajn.sk\/produkt\/tehlovy-obklad-toscana-capuccino\/#breadcrumb","itemListElement":[{"@type":"ListItem","position":1,"name":"Home","item":"https:\/\/kamendizajn.sk\/"},{"@type":"ListItem","position":2,"name":"Obchod","item":"https:\/\/kamendizajn.sk\/obchod\/"},{"@type":"ListItem","position":3,"name":"Tehlov\u00fd obklad Toscana Capuccino"}]},{"@type":"WebSite","@id":"https:\/\/kamendizajn.sk\/#website","url":"https:\/\/kamendizajn.sk\/","name":"Kame\u0148dizajn","description":"Kamenn\u00fd obklad a tehlov\u00fd obklad","publisher":{"@id":"https:\/\/kamendizajn.sk\/#organization"},"potentialAction":[{"@type":"SearchAction","target":{"@type":"EntryPoint","urlTemplate":"https:\/\/kamendizajn.sk\/?s={search_term_string}"},"query-input":{"@type":"PropertyValueSpecification","valueRequired":true,"valueName":"search_term_string"}}],"inLanguage":"cs"},{"@type":"Organization","@id":"https:\/\/kamendizajn.sk\/#organization","name":"Kame\u0148dizajn","url":"https:\/\/kamendizajn.sk\/","logo":{"@type":"ImageObject","inLanguage":"cs","@id":"https:\/\/kamendizajn.sk\/#\/schema\/logo\/image\/","url":"https:\/\/kamendizajn.sk\/wp-content\/uploads\/2021\/09\/kamendizajn-logo.png","contentUrl":"https:\/\/kamendizajn.sk\/wp-content\/uploads\/2021\/09\/kamendizajn-logo.png","width":1751,"height":369,"caption":"Kame\u0148dizajn"},"image":{"@id":"https:\/\/kamendizajn.sk\/#\/schema\/logo\/image\/"}}]}},"_links":{"self":[{"href":"https:\/\/kamendizajn.sk\/cz\/wp-json\/wp\/v2\/product\/519","targetHints":{"allow":["GET"]}}],"collection":[{"href":"https:\/\/kamendizajn.sk\/cz\/wp-json\/wp\/v2\/product"}],"about":[{"href":"https:\/\/kamendizajn.sk\/cz\/wp-json\/wp\/v2\/types\/product"}],"wp:featuredmedia":[{"embeddable":true,"href":"https:\/\/kamendizajn.sk\/cz\/wp-json\/wp\/v2\/media\/175"}],"wp:attachment":[{"href":"https:\/\/kamendizajn.sk\/cz\/wp-json\/wp\/v2\/media?parent=519"}],"wp:term":[{"taxonomy":"product_brand","embeddable":true,"href":"https:\/\/kamendizajn.sk\/cz\/wp-json\/wp\/v2\/product_brand?post=519"},{"taxonomy":"product_cat","embeddable":true,"href":"https:\/\/kamendizajn.sk\/cz\/wp-json\/wp\/v2\/product_cat?post=519"},{"taxonomy":"product_tag","embeddable":true,"href":"https:\/\/kamendizajn.sk\/cz\/wp-json\/wp\/v2\/product_tag?post=519"}],"curies":[{"name":"wp","href":"https:\/\/api.w.org\/{rel}","templated":true}]}}