{"id":523,"date":"2023-07-11T14:18:03","date_gmt":"2023-07-11T12:18:03","guid":{"rendered":"http:\/\/kamendizajn.sk\/?post_type=product&#038;p=523"},"modified":"2023-07-11T15:31:12","modified_gmt":"2023-07-11T13:31:12","slug":"kamenny-obklad-tip-top-siva","status":"publish","type":"product","link":"https:\/\/kamendizajn.sk\/cz\/produkt\/kamenny-obklad-tip-top-siva\/","title":{"rendered":"Kamenn\u00fd obklad Tip Top \u0160ed\u00e1"},"content":{"rendered":"<p><strong>PRO\u010c JE NEJLEP\u0160\u00cdM dekora\u010dn\u00edch materi\u00e1l\u016f?<\/strong><\/p>\n<p>Jako obkladov\u00fd materi\u00e1l se nej\u010dast\u011bji pou\u017e\u00edvaj\u00ed p\u0159\u00edrodn\u00ed kameny v kombinaci s ne \u010dim jin\u00fdm, ov\u0161em najdeme i kamenn\u00fd obklad, kter\u00fd je vyroben z jednoho druhu kamene - v\u00e1penec, p\u00edskovec nebo b\u0159idlice, vyu\u017e\u00edvaj\u00ed se r\u016fzn\u00e9 barvy nebo t\u00f3ny. K\u00e1men je nejlep\u0161\u00edm dekora\u010dn\u00edm materi\u00e1lem pr\u00e1v\u011b proto, proto\u017ee dod\u00e1v\u00e1 unik\u00e1tn\u00ed a v\u00fdrazn\u00fd vzhled, krom\u011b toho je to i p\u0159\u00edrodn\u00ed textura, kter\u00e1 se d\u00e1 kr\u00e1sn\u011b kombinovat a zasadit do interi\u00e9ru \u010di exteri\u00e9ru.<\/p>","protected":false},"excerpt":{"rendered":"<div class=\"vc_row row-container\" data-parent=\"true\" data-section=\"0\">\n<div class=\"row limit-width row-parent\" data-imgready=\"true\">\n<div class=\"row-inner\">\n<div class=\"pos-top pos-center align_left column_parent col-lg-12 single-internal-gutter\">\n<div class=\"uncol style-light\">\n<div class=\"uncoltable\">\n<div class=\"uncell no-block-padding\">\n<div class=\"uncont\">\n<div class=\"uncode_text_column\">\n<h2><strong>JAK\u00c9 V\u00ddHODY M\u00c1 KAMENN\u00dd OBKLAD TIP TOP?<\/strong><\/h2>\n<p>Kamenn\u00fd obklad za\u010d\u00edn\u00e1 svou nejv\u011bt\u0161\u00ed v\u00fdhodou oproti sv\u00fdm soupe\u0159\u016fm, a to je vzhled. Kamenn\u00fd obklad dod\u00e1 va\u0161emu interi\u00e9ru \u010di exteri\u00e9ru n\u00e1dech luxusu a zpest\u0159\u00ed ka\u017edou st\u011bnu.<\/p>\n<ul>\n<li><strong>K\u00e1men chr\u00e1n\u00ed st\u011bny p\u0159ed pl\u00edsn\u00ed<\/strong>. K\u00e1men je p\u0159\u00edrodn\u00ed materi\u00e1l, a proto je paropropustn\u00fd, to znamen\u00e1, \u017ee dovol\u00ed ka\u017ed\u00e9mu materi\u00e1lu d\u00fdchat. D\u00edky tomu se nemus\u00edte ob\u00e1vat pl\u00edsn\u00ed nebo p\u0159ebyte\u010dn\u00e9ho navlhnut\u00ed.<\/li>\n<li><strong>Nad\u010dasov\u00fd design.<\/strong>\u00a0K\u00e1men se v architektu\u0159e pou\u017e\u00edv\u00e1 ji\u017e od nepam\u011bti, m\u016f\u017eete si b\u00fdt jisti, \u017ee pokud ho osad\u00edte dnes, tak bude stejn\u011b atraktivn\u00ed i o dal\u0161\u00edch 100 let.<\/li>\n<li><strong>Odolnost.<\/strong>\u00a0K\u00e1men dok\u00e1\u017ee odol\u00e1vat n\u00edzk\u00fdm, ale i vysok\u00fdm teplot\u00e1m, pr\u00e1v\u011b proto je vhodn\u00fd i do exteri\u00e9ru.<\/li>\n<li><strong>Vod\u011bodoln\u00fd.<\/strong>\u00a0K\u00e1men se d\u00e1 impregnovat, ale u\u017e s\u00e1m o sob\u011b m\u00e1 dostate\u010dnou odolnost v\u016f\u010di vod\u011b.<\/li>\n<li><strong>Farbenos\u0165.<\/strong>\u00a0Barvy, kter\u00e9 k\u00e1men m\u00e1, nevyblednou. Nem\u00e1 na n\u011b vliv ani slunce, ani voda, a proto si zachov\u00e1 svou barvu.<\/li>\n<li><strong>\u00dadr\u017eba.<\/strong>\u00a0Kamenn\u00fd obklad nevy\u017eaduje \u017e\u00e1dnou speci\u00e1ln\u00ed \u00fadr\u017ebu, nebudete pot\u0159ebovat \u017e\u00e1dn\u00e9 speci\u00e1ln\u00ed \u010dist\u00edc\u00ed prost\u0159edky, na \u010di\u0161t\u011bn\u00ed bude sta\u010dit oby\u010dejn\u00e1 voda.<\/li>\n<\/ul>\n<\/div>\n<\/div>\n<\/div>\n<\/div>\n<\/div>\n<\/div>\n<\/div>\n<\/div>\n<\/div>\n<div class=\"vc_row row-container\" data-parent=\"true\" data-section=\"1\">\n<div class=\"row limit-width row-parent\" data-imgready=\"true\">\n<div class=\"row-inner\">\n<div class=\"pos-top pos-center align_left column_parent col-lg-3 single-internal-gutter\">\n<div class=\"uncol style-light\">\n<div class=\"uncoltable\"><\/div>\n<\/div>\n<\/div>\n<\/div>\n<\/div>\n<\/div>","protected":false},"featured_media":168,"template":"","meta":{"site-sidebar-layout":"default","site-content-layout":"default","ast-site-content-layout":"","site-content-style":"default","site-sidebar-style":"default","ast-global-header-display":"","ast-banner-title-visibility":"","ast-main-header-display":"","ast-hfb-above-header-display":"","ast-hfb-below-header-display":"","ast-hfb-mobile-header-display":"","site-post-title":"","ast-breadcrumbs-content":"","ast-featured-img":"","footer-sml-layout":"","theme-transparent-header-meta":"default","adv-header-id-meta":"","stick-header-meta":"","header-above-stick-meta":"","header-main-stick-meta":"","header-below-stick-meta":"","astra-migrate-meta-layouts":"default","ast-page-background-enabled":"default","ast-page-background-meta":{"desktop":{"background-color":"var(--ast-global-color-4)","background-image":"","background-repeat":"repeat","background-position":"center center","background-size":"auto","background-attachment":"scroll","background-type":"","background-media":"","overlay-type":"","overlay-color":"","overlay-opacity":"","overlay-gradient":""},"tablet":{"background-color":"","background-image":"","background-repeat":"repeat","background-position":"center center","background-size":"auto","background-attachment":"scroll","background-type":"","background-media":"","overlay-type":"","overlay-color":"","overlay-opacity":"","overlay-gradient":""},"mobile":{"background-color":"","background-image":"","background-repeat":"repeat","background-position":"center center","background-size":"auto","background-attachment":"scroll","background-type":"","background-media":"","overlay-type":"","overlay-color":"","overlay-opacity":"","overlay-gradient":""}},"ast-content-background-meta":{"desktop":{"background-color":"var(--ast-global-color-5)","background-image":"","background-repeat":"repeat","background-position":"center center","background-size":"auto","background-attachment":"scroll","background-type":"","background-media":"","overlay-type":"","overlay-color":"","overlay-opacity":"","overlay-gradient":""},"tablet":{"background-color":"var(--ast-global-color-5)","background-image":"","background-repeat":"repeat","background-position":"center center","background-size":"auto","background-attachment":"scroll","background-type":"","background-media":"","overlay-type":"","overlay-color":"","overlay-opacity":"","overlay-gradient":""},"mobile":{"background-color":"var(--ast-global-color-5)","background-image":"","background-repeat":"repeat","background-position":"center center","background-size":"auto","background-attachment":"scroll","background-type":"","background-media":"","overlay-type":"","overlay-color":"","overlay-opacity":"","overlay-gradient":""}}},"product_brand":[],"product_cat":[29,31],"product_tag":[],"class_list":{"0":"post-523","1":"product","2":"type-product","3":"status-publish","4":"has-post-thumbnail","6":"product_cat-kamenny-obklad","7":"product_cat-kamenny-obklad-tip-top","8":"desktop-align-center","9":"tablet-align-left","10":"mobile-align-left","12":"first","13":"instock","14":"shipping-taxable","15":"purchasable","16":"product-type-simple"},"yoast_head":"<!-- This site is optimized with the Yoast SEO plugin v26.8 - https:\/\/yoast.com\/product\/yoast-seo-wordpress\/ -->\n<title>Kamenn\u00fd obklad Tip Top Siv\u00e1 - Kame\u0148dizajn<\/title>\n<meta name=\"robots\" content=\"index, follow, max-snippet:-1, max-image-preview:large, max-video-preview:-1\" \/>\n<link rel=\"canonical\" href=\"https:\/\/kamendizajn.sk\/cz\/produkt\/kamenny-obklad-tip-top-siva\/\" \/>\n<meta property=\"og:locale\" content=\"cs_CZ\" \/>\n<meta property=\"og:type\" content=\"article\" \/>\n<meta property=\"og:title\" content=\"Kamenn\u00fd obklad Tip Top Siv\u00e1 - Kame\u0148dizajn\" \/>\n<meta property=\"og:description\" content=\"AK\u00c9 V\u00ddHODY M\u00c1 KAMENN\u00dd OBKLAD TIP TOP? Kamenn\u00fd obklad za\u010d\u00edna svojou najv\u00e4\u010d\u0161ou v\u00fdhodou oproti svojim s\u00faperom, a\u00a0to je vzh\u013ead. Kamenn\u00fd obklad dod\u00e1 v\u00e1\u0161mu interi\u00e9ru \u010di exteri\u00e9ru n\u00e1dych luxusu a\u00a0spestr\u00ed ka\u017ed\u00fa stenu.   Kame\u0148 chr\u00e1ni steny pred ples\u0148ou. Kame\u0148 je pr\u00edrodn\u00fd materi\u00e1l, a\u00a0preto je paropriepustn\u00fd, to znamen\u00e1, \u017ee dovol\u00ed ka\u017ed\u00e9mu materi\u00e1lu d\u00fdcha\u0165. V\u010faka tomu sa nemus\u00edte ob\u00e1va\u0165 plesn\u00ed alebo prebyto\u010dn\u00e9ho navlhnutia.  Nad\u010dasov\u00fd dizajn.\u00a0Kame\u0148 sa v architekt\u00fare pou\u017e\u00edva u\u017e od nepam\u00e4ti, m\u00f4\u017eete si by\u0165 ist\u00ed, \u017ee ak ho osad\u00edte dnes, tak bude rovnako atrakt\u00edvny aj o \u010fal\u0161\u00edch 100 rokov.  Odolnos\u0165.\u00a0Kame\u0148 dok\u00e1\u017ee odol\u00e1va\u0165 n\u00edzkym, ale aj vysok\u00fdm teplot\u00e1m, pr\u00e1ve preto je vhodn\u00fd aj do exteri\u00e9ru.  Vodeodoln\u00fd.\u00a0Kame\u0148 sa d\u00e1 impregnova\u0165, ale u\u017e s\u00e1m o\u00a0sebe m\u00e1 dostato\u010dn\u00fa odolnos\u0165 vo\u010di vode.  Farbenos\u0165.\u00a0Farby, ktor\u00e9 kame\u0148 m\u00e1, nevybledn\u00fa. Nem\u00e1 na nich vplyv ani slnko, ani voda, a preto si zachov\u00e1 svoju farbu.  \u00dadr\u017eba.\u00a0Kamenn\u00fd obklad nevy\u017eaduje \u017eiadnu \u0161peci\u00e1lnu \u00fadr\u017ebu, nebudete potrebova\u0165 \u017eiadne \u0161peci\u00e1lne \u010distiace prostriedky, na \u010distenie bude sta\u010di\u0165 oby\u010dajn\u00e1 voda.\" \/>\n<meta property=\"og:url\" content=\"https:\/\/kamendizajn.sk\/cz\/produkt\/kamenny-obklad-tip-top-siva\/\" \/>\n<meta property=\"og:site_name\" content=\"Kame\u0148dizajn\" \/>\n<meta property=\"article:modified_time\" content=\"2023-07-11T13:31:12+00:00\" \/>\n<meta property=\"og:image\" content=\"https:\/\/kamendizajn.sk\/wp-content\/uploads\/2021\/09\/tip-top-siva.jpg\" \/>\n\t<meta property=\"og:image:width\" content=\"500\" \/>\n\t<meta property=\"og:image:height\" content=\"375\" \/>\n\t<meta property=\"og:image:type\" content=\"image\/jpeg\" \/>\n<meta name=\"twitter:card\" content=\"summary_large_image\" \/>\n<meta name=\"twitter:label1\" content=\"Odhadovan\u00e1 doba \u010dten\u00ed\" \/>\n\t<meta name=\"twitter:data1\" content=\"1 minuta\" \/>\n<script type=\"application\/ld+json\" class=\"yoast-schema-graph\">{\"@context\":\"https:\/\/schema.org\",\"@graph\":[{\"@type\":\"WebPage\",\"@id\":\"https:\/\/kamendizajn.sk\/cz\/produkt\/kamenny-obklad-tip-top-siva\/\",\"url\":\"https:\/\/kamendizajn.sk\/cz\/produkt\/kamenny-obklad-tip-top-siva\/\",\"name\":\"Kamenn\u00fd obklad Tip Top Siv\u00e1 - Kame\u0148dizajn\",\"isPartOf\":{\"@id\":\"https:\/\/kamendizajn.sk\/#website\"},\"primaryImageOfPage\":{\"@id\":\"https:\/\/kamendizajn.sk\/cz\/produkt\/kamenny-obklad-tip-top-siva\/#primaryimage\"},\"image\":{\"@id\":\"https:\/\/kamendizajn.sk\/cz\/produkt\/kamenny-obklad-tip-top-siva\/#primaryimage\"},\"thumbnailUrl\":\"https:\/\/kamendizajn.sk\/wp-content\/uploads\/2021\/09\/tip-top-siva.jpg\",\"datePublished\":\"2023-07-11T12:18:03+00:00\",\"dateModified\":\"2023-07-11T13:31:12+00:00\",\"breadcrumb\":{\"@id\":\"https:\/\/kamendizajn.sk\/cz\/produkt\/kamenny-obklad-tip-top-siva\/#breadcrumb\"},\"inLanguage\":\"cs\",\"potentialAction\":[{\"@type\":\"ReadAction\",\"target\":[\"https:\/\/kamendizajn.sk\/cz\/produkt\/kamenny-obklad-tip-top-siva\/\"]}]},{\"@type\":\"ImageObject\",\"inLanguage\":\"cs\",\"@id\":\"https:\/\/kamendizajn.sk\/cz\/produkt\/kamenny-obklad-tip-top-siva\/#primaryimage\",\"url\":\"https:\/\/kamendizajn.sk\/wp-content\/uploads\/2021\/09\/tip-top-siva.jpg\",\"contentUrl\":\"https:\/\/kamendizajn.sk\/wp-content\/uploads\/2021\/09\/tip-top-siva.jpg\",\"width\":500,\"height\":375,\"caption\":\"Kamenn\u00fd obklad\"},{\"@type\":\"BreadcrumbList\",\"@id\":\"https:\/\/kamendizajn.sk\/cz\/produkt\/kamenny-obklad-tip-top-siva\/#breadcrumb\",\"itemListElement\":[{\"@type\":\"ListItem\",\"position\":1,\"name\":\"Home\",\"item\":\"https:\/\/kamendizajn.sk\/\"},{\"@type\":\"ListItem\",\"position\":2,\"name\":\"Obchod\",\"item\":\"https:\/\/kamendizajn.sk\/obchod\/\"},{\"@type\":\"ListItem\",\"position\":3,\"name\":\"Kamenn\u00fd obklad Tip Top Siv\u00e1\"}]},{\"@type\":\"WebSite\",\"@id\":\"https:\/\/kamendizajn.sk\/#website\",\"url\":\"https:\/\/kamendizajn.sk\/\",\"name\":\"Kame\u0148dizajn\",\"description\":\"Kamenn\u00fd obklad a tehlov\u00fd obklad\",\"publisher\":{\"@id\":\"https:\/\/kamendizajn.sk\/#organization\"},\"potentialAction\":[{\"@type\":\"SearchAction\",\"target\":{\"@type\":\"EntryPoint\",\"urlTemplate\":\"https:\/\/kamendizajn.sk\/?s={search_term_string}\"},\"query-input\":{\"@type\":\"PropertyValueSpecification\",\"valueRequired\":true,\"valueName\":\"search_term_string\"}}],\"inLanguage\":\"cs\"},{\"@type\":\"Organization\",\"@id\":\"https:\/\/kamendizajn.sk\/#organization\",\"name\":\"Kame\u0148dizajn\",\"url\":\"https:\/\/kamendizajn.sk\/\",\"logo\":{\"@type\":\"ImageObject\",\"inLanguage\":\"cs\",\"@id\":\"https:\/\/kamendizajn.sk\/#\/schema\/logo\/image\/\",\"url\":\"https:\/\/kamendizajn.sk\/wp-content\/uploads\/2021\/09\/kamendizajn-logo.png\",\"contentUrl\":\"https:\/\/kamendizajn.sk\/wp-content\/uploads\/2021\/09\/kamendizajn-logo.png\",\"width\":1751,\"height\":369,\"caption\":\"Kame\u0148dizajn\"},\"image\":{\"@id\":\"https:\/\/kamendizajn.sk\/#\/schema\/logo\/image\/\"}}]}<\/script>\n<!-- \/ Yoast SEO plugin. -->","yoast_head_json":{"title":"Kamenn\u00fd obklad Tip Top Siv\u00e1 - Kame\u0148dizajn","robots":{"index":"index","follow":"follow","max-snippet":"max-snippet:-1","max-image-preview":"max-image-preview:large","max-video-preview":"max-video-preview:-1"},"canonical":"https:\/\/kamendizajn.sk\/cz\/produkt\/kamenny-obklad-tip-top-siva\/","og_locale":"cs_CZ","og_type":"article","og_title":"Kamenn\u00fd obklad Tip Top Siv\u00e1 - Kame\u0148dizajn","og_description":"AK\u00c9 V\u00ddHODY M\u00c1 KAMENN\u00dd OBKLAD TIP TOP? Kamenn\u00fd obklad za\u010d\u00edna svojou najv\u00e4\u010d\u0161ou v\u00fdhodou oproti svojim s\u00faperom, a\u00a0to je vzh\u013ead. Kamenn\u00fd obklad dod\u00e1 v\u00e1\u0161mu interi\u00e9ru \u010di exteri\u00e9ru n\u00e1dych luxusu a\u00a0spestr\u00ed ka\u017ed\u00fa stenu.   Kame\u0148 chr\u00e1ni steny pred ples\u0148ou. Kame\u0148 je pr\u00edrodn\u00fd materi\u00e1l, a\u00a0preto je paropriepustn\u00fd, to znamen\u00e1, \u017ee dovol\u00ed ka\u017ed\u00e9mu materi\u00e1lu d\u00fdcha\u0165. V\u010faka tomu sa nemus\u00edte ob\u00e1va\u0165 plesn\u00ed alebo prebyto\u010dn\u00e9ho navlhnutia.  Nad\u010dasov\u00fd dizajn.\u00a0Kame\u0148 sa v architekt\u00fare pou\u017e\u00edva u\u017e od nepam\u00e4ti, m\u00f4\u017eete si by\u0165 ist\u00ed, \u017ee ak ho osad\u00edte dnes, tak bude rovnako atrakt\u00edvny aj o \u010fal\u0161\u00edch 100 rokov.  Odolnos\u0165.\u00a0Kame\u0148 dok\u00e1\u017ee odol\u00e1va\u0165 n\u00edzkym, ale aj vysok\u00fdm teplot\u00e1m, pr\u00e1ve preto je vhodn\u00fd aj do exteri\u00e9ru.  Vodeodoln\u00fd.\u00a0Kame\u0148 sa d\u00e1 impregnova\u0165, ale u\u017e s\u00e1m o\u00a0sebe m\u00e1 dostato\u010dn\u00fa odolnos\u0165 vo\u010di vode.  Farbenos\u0165.\u00a0Farby, ktor\u00e9 kame\u0148 m\u00e1, nevybledn\u00fa. Nem\u00e1 na nich vplyv ani slnko, ani voda, a preto si zachov\u00e1 svoju farbu.  \u00dadr\u017eba.\u00a0Kamenn\u00fd obklad nevy\u017eaduje \u017eiadnu \u0161peci\u00e1lnu \u00fadr\u017ebu, nebudete potrebova\u0165 \u017eiadne \u0161peci\u00e1lne \u010distiace prostriedky, na \u010distenie bude sta\u010di\u0165 oby\u010dajn\u00e1 voda.","og_url":"https:\/\/kamendizajn.sk\/cz\/produkt\/kamenny-obklad-tip-top-siva\/","og_site_name":"Kame\u0148dizajn","article_modified_time":"2023-07-11T13:31:12+00:00","og_image":[{"width":500,"height":375,"url":"https:\/\/kamendizajn.sk\/wp-content\/uploads\/2021\/09\/tip-top-siva.jpg","type":"image\/jpeg"}],"twitter_card":"summary_large_image","twitter_misc":{"Odhadovan\u00e1 doba \u010dten\u00ed":"1 minuta"},"schema":{"@context":"https:\/\/schema.org","@graph":[{"@type":"WebPage","@id":"https:\/\/kamendizajn.sk\/cz\/produkt\/kamenny-obklad-tip-top-siva\/","url":"https:\/\/kamendizajn.sk\/cz\/produkt\/kamenny-obklad-tip-top-siva\/","name":"Kamenn\u00fd obklad Tip Top Siv\u00e1 - Kame\u0148dizajn","isPartOf":{"@id":"https:\/\/kamendizajn.sk\/#website"},"primaryImageOfPage":{"@id":"https:\/\/kamendizajn.sk\/cz\/produkt\/kamenny-obklad-tip-top-siva\/#primaryimage"},"image":{"@id":"https:\/\/kamendizajn.sk\/cz\/produkt\/kamenny-obklad-tip-top-siva\/#primaryimage"},"thumbnailUrl":"https:\/\/kamendizajn.sk\/wp-content\/uploads\/2021\/09\/tip-top-siva.jpg","datePublished":"2023-07-11T12:18:03+00:00","dateModified":"2023-07-11T13:31:12+00:00","breadcrumb":{"@id":"https:\/\/kamendizajn.sk\/cz\/produkt\/kamenny-obklad-tip-top-siva\/#breadcrumb"},"inLanguage":"cs","potentialAction":[{"@type":"ReadAction","target":["https:\/\/kamendizajn.sk\/cz\/produkt\/kamenny-obklad-tip-top-siva\/"]}]},{"@type":"ImageObject","inLanguage":"cs","@id":"https:\/\/kamendizajn.sk\/cz\/produkt\/kamenny-obklad-tip-top-siva\/#primaryimage","url":"https:\/\/kamendizajn.sk\/wp-content\/uploads\/2021\/09\/tip-top-siva.jpg","contentUrl":"https:\/\/kamendizajn.sk\/wp-content\/uploads\/2021\/09\/tip-top-siva.jpg","width":500,"height":375,"caption":"Kamenn\u00fd obklad"},{"@type":"BreadcrumbList","@id":"https:\/\/kamendizajn.sk\/cz\/produkt\/kamenny-obklad-tip-top-siva\/#breadcrumb","itemListElement":[{"@type":"ListItem","position":1,"name":"Home","item":"https:\/\/kamendizajn.sk\/"},{"@type":"ListItem","position":2,"name":"Obchod","item":"https:\/\/kamendizajn.sk\/obchod\/"},{"@type":"ListItem","position":3,"name":"Kamenn\u00fd obklad Tip Top Siv\u00e1"}]},{"@type":"WebSite","@id":"https:\/\/kamendizajn.sk\/#website","url":"https:\/\/kamendizajn.sk\/","name":"Kame\u0148dizajn","description":"Kamenn\u00fd obklad a tehlov\u00fd obklad","publisher":{"@id":"https:\/\/kamendizajn.sk\/#organization"},"potentialAction":[{"@type":"SearchAction","target":{"@type":"EntryPoint","urlTemplate":"https:\/\/kamendizajn.sk\/?s={search_term_string}"},"query-input":{"@type":"PropertyValueSpecification","valueRequired":true,"valueName":"search_term_string"}}],"inLanguage":"cs"},{"@type":"Organization","@id":"https:\/\/kamendizajn.sk\/#organization","name":"Kame\u0148dizajn","url":"https:\/\/kamendizajn.sk\/","logo":{"@type":"ImageObject","inLanguage":"cs","@id":"https:\/\/kamendizajn.sk\/#\/schema\/logo\/image\/","url":"https:\/\/kamendizajn.sk\/wp-content\/uploads\/2021\/09\/kamendizajn-logo.png","contentUrl":"https:\/\/kamendizajn.sk\/wp-content\/uploads\/2021\/09\/kamendizajn-logo.png","width":1751,"height":369,"caption":"Kame\u0148dizajn"},"image":{"@id":"https:\/\/kamendizajn.sk\/#\/schema\/logo\/image\/"}}]}},"_links":{"self":[{"href":"https:\/\/kamendizajn.sk\/cz\/wp-json\/wp\/v2\/product\/523","targetHints":{"allow":["GET"]}}],"collection":[{"href":"https:\/\/kamendizajn.sk\/cz\/wp-json\/wp\/v2\/product"}],"about":[{"href":"https:\/\/kamendizajn.sk\/cz\/wp-json\/wp\/v2\/types\/product"}],"wp:featuredmedia":[{"embeddable":true,"href":"https:\/\/kamendizajn.sk\/cz\/wp-json\/wp\/v2\/media\/168"}],"wp:attachment":[{"href":"https:\/\/kamendizajn.sk\/cz\/wp-json\/wp\/v2\/media?parent=523"}],"wp:term":[{"taxonomy":"product_brand","embeddable":true,"href":"https:\/\/kamendizajn.sk\/cz\/wp-json\/wp\/v2\/product_brand?post=523"},{"taxonomy":"product_cat","embeddable":true,"href":"https:\/\/kamendizajn.sk\/cz\/wp-json\/wp\/v2\/product_cat?post=523"},{"taxonomy":"product_tag","embeddable":true,"href":"https:\/\/kamendizajn.sk\/cz\/wp-json\/wp\/v2\/product_tag?post=523"}],"curies":[{"name":"wp","href":"https:\/\/api.w.org\/{rel}","templated":true}]}}