{"id":653,"date":"2025-01-21T17:05:50","date_gmt":"2025-01-21T16:05:50","guid":{"rendered":"https:\/\/kamendizajn.sk\/?post_type=product&#038;p=653"},"modified":"2025-02-17T17:04:25","modified_gmt":"2025-02-17T16:04:25","slug":"stara-tehla-rezana-l-roh","status":"publish","type":"product","link":"https:\/\/kamendizajn.sk\/cz\/produkt\/stara-tehla-rezana-l-roh\/","title":{"rendered":"Star\u00e1 cihla \u0159ezan\u00e1 \u2013 L roh"},"content":{"rendered":"<p>Rohov\u00e1 cihla ve tvaru p\u00edsmene L je perfektn\u00edm \u0159e\u0161en\u00edm pro dokon\u010den\u00ed obklad\u016f, kter\u00e9 pot\u0159ebuj\u00ed elegantn\u00ed a stylov\u00e9 zakon\u010den\u00ed. Tento typ cihly je navr\u017een tak, aby plynule propojil st\u011bny a rohy, p\u0159i\u010dem\u017e zachov\u00e1 autentick\u00fd rustik\u00e1ln\u00ed vzhled, kter\u00fd je charakteristick\u00fd pro star\u00e9 cihly.<\/p>\n<p>Jeliko\u017e ka\u017ed\u00e1 sada poch\u00e1z\u00ed z jin\u00e9ho stavebn\u00edho d\u00edla, rozm\u011bry a povrchy jednotliv\u00fdch cihel se mohou m\u00edrn\u011b li\u0161it. Tato variabilita dod\u00e1v\u00e1 ka\u017ed\u00e9mu projektu jedine\u010dn\u00fd charakter a autenti\u010dnost. Rohov\u00e1 cihla je ide\u00e1ln\u00ed nejen pro estetick\u00e9 zakon\u010den\u00ed obklad\u016f, ale tak\u00e9 pro zv\u00fdrazn\u011bn\u00ed detail\u016f v interi\u00e9ru a exteri\u00e9ru.<\/p>\n<p><strong>Technick\u00e9 parametry:<\/strong><\/p>\n<ul>\n<li><strong>Rozm\u011bry rohov\u00e9ho \u0159ezu:<\/strong> \u0160\u00ed\u0159ka 28 cm, v\u00fd\u0161ka 6,5 cm, tlou\u0161\u0165ka 2 cm, hloubka 12 cm.<\/li>\n<li><strong>V\u00e1ha:<\/strong> 1 kg.<\/li>\n<li><strong>Cena:<\/strong> 1,80 \u20ac \/ks.<\/li>\n<\/ul>\n<p>Cena je kone\u010dn\u00e1, proto\u017ee nejsme pl\u00e1tci DPH. Tento produkt je skv\u011blou volbou pro v\u0161echny, kdo hledaj\u00ed autentick\u00e9 materi\u00e1ly pro rekonstrukce, dekorace nebo tvorbu stylov\u00fdch design\u016f. Dodejte sv\u00e9mu prostoru nad\u010dasov\u00fd vzhled a originalitu pomoc\u00ed rohov\u00e9 cihly, kter\u00e1 spojuje estetiku a funk\u010dnost.<\/p>","protected":false},"excerpt":{"rendered":"<p>Rohov\u00e1 cihla ve tvaru L, ide\u00e1ln\u00ed pro dokon\u010den\u00ed obklad\u016f se stylov\u00fdm rustik\u00e1ln\u00edm vzhledem. Rozm\u011bry: 28 \u00d7 6,5 \u00d7 2 cm, hloubka 12 cm, v\u00e1ha 1 kg. Cena: 1,80 \u20ac \/ks.<\/p>","protected":false},"featured_media":656,"template":"","meta":{"site-sidebar-layout":"default","site-content-layout":"","ast-site-content-layout":"default","site-content-style":"default","site-sidebar-style":"default","ast-global-header-display":"","ast-banner-title-visibility":"","ast-main-header-display":"","ast-hfb-above-header-display":"","ast-hfb-below-header-display":"","ast-hfb-mobile-header-display":"","site-post-title":"","ast-breadcrumbs-content":"","ast-featured-img":"","footer-sml-layout":"","theme-transparent-header-meta":"default","adv-header-id-meta":"","stick-header-meta":"","header-above-stick-meta":"","header-main-stick-meta":"","header-below-stick-meta":"","astra-migrate-meta-layouts":"set","ast-page-background-enabled":"default","ast-page-background-meta":{"desktop":{"background-color":"var(--ast-global-color-4)","background-image":"","background-repeat":"repeat","background-position":"center center","background-size":"auto","background-attachment":"scroll","background-type":"","background-media":"","overlay-type":"","overlay-color":"","overlay-opacity":"","overlay-gradient":""},"tablet":{"background-color":"","background-image":"","background-repeat":"repeat","background-position":"center center","background-size":"auto","background-attachment":"scroll","background-type":"","background-media":"","overlay-type":"","overlay-color":"","overlay-opacity":"","overlay-gradient":""},"mobile":{"background-color":"","background-image":"","background-repeat":"repeat","background-position":"center center","background-size":"auto","background-attachment":"scroll","background-type":"","background-media":"","overlay-type":"","overlay-color":"","overlay-opacity":"","overlay-gradient":""}},"ast-content-background-meta":{"desktop":{"background-color":"var(--ast-global-color-5)","background-image":"","background-repeat":"repeat","background-position":"center center","background-size":"auto","background-attachment":"scroll","background-type":"","background-media":"","overlay-type":"","overlay-color":"","overlay-opacity":"","overlay-gradient":""},"tablet":{"background-color":"var(--ast-global-color-5)","background-image":"","background-repeat":"repeat","background-position":"center center","background-size":"auto","background-attachment":"scroll","background-type":"","background-media":"","overlay-type":"","overlay-color":"","overlay-opacity":"","overlay-gradient":""},"mobile":{"background-color":"var(--ast-global-color-5)","background-image":"","background-repeat":"repeat","background-position":"center center","background-size":"auto","background-attachment":"scroll","background-type":"","background-media":"","overlay-type":"","overlay-color":"","overlay-opacity":"","overlay-gradient":""}}},"product_brand":[],"product_cat":[36],"product_tag":[],"class_list":{"0":"post-653","1":"product","2":"type-product","3":"status-publish","4":"has-post-thumbnail","6":"product_cat-stara-tehla-rezana","7":"desktop-align-center","8":"tablet-align-left","9":"mobile-align-left","11":"first","12":"instock","13":"shipping-taxable","14":"purchasable","15":"product-type-simple"},"yoast_head":"<!-- This site is optimized with the Yoast SEO plugin v26.8 - https:\/\/yoast.com\/product\/yoast-seo-wordpress\/ -->\n<title>Star\u00e1 tehla rezan\u00e1 - L roh - Kame\u0148dizajn<\/title>\n<meta name=\"description\" content=\"Rohov\u00e1 tehla v tvare L pre dokonal\u00e9 zakon\u010denie obkladov. Dodajte svojmu priestoru rustik\u00e1lny vzh\u013ead a \u0161t\u00fdl s autentickou starou tehlou!\" \/>\n<meta name=\"robots\" content=\"index, follow, max-snippet:-1, max-image-preview:large, max-video-preview:-1\" \/>\n<link rel=\"canonical\" href=\"https:\/\/kamendizajn.sk\/cz\/produkt\/stara-tehla-rezana-l-roh\/\" \/>\n<meta property=\"og:locale\" content=\"cs_CZ\" \/>\n<meta property=\"og:type\" content=\"article\" \/>\n<meta property=\"og:title\" content=\"Star\u00e1 tehla rezan\u00e1 - L roh - Kame\u0148dizajn\" \/>\n<meta property=\"og:description\" content=\"Rohov\u00e1 tehla v tvare L pre dokonal\u00e9 zakon\u010denie obkladov. Dodajte svojmu priestoru rustik\u00e1lny vzh\u013ead a \u0161t\u00fdl s autentickou starou tehlou!\" \/>\n<meta property=\"og:url\" content=\"https:\/\/kamendizajn.sk\/cz\/produkt\/stara-tehla-rezana-l-roh\/\" \/>\n<meta property=\"og:site_name\" content=\"Kame\u0148dizajn\" \/>\n<meta property=\"article:modified_time\" content=\"2025-02-17T16:04:25+00:00\" \/>\n<meta property=\"og:image\" content=\"https:\/\/kamendizajn.sk\/wp-content\/uploads\/2025\/01\/5b16690a5f172.jpg\" \/>\n\t<meta property=\"og:image:width\" content=\"300\" \/>\n\t<meta property=\"og:image:height\" content=\"300\" \/>\n\t<meta property=\"og:image:type\" content=\"image\/jpeg\" \/>\n<meta name=\"twitter:card\" content=\"summary_large_image\" \/>\n<meta name=\"twitter:label1\" content=\"Odhadovan\u00e1 doba \u010dten\u00ed\" \/>\n\t<meta name=\"twitter:data1\" content=\"2 minuty\" \/>\n<script type=\"application\/ld+json\" class=\"yoast-schema-graph\">{\"@context\":\"https:\/\/schema.org\",\"@graph\":[{\"@type\":\"WebPage\",\"@id\":\"https:\/\/kamendizajn.sk\/produkt\/stara-tehla-rezana-l-roh\/\",\"url\":\"https:\/\/kamendizajn.sk\/produkt\/stara-tehla-rezana-l-roh\/\",\"name\":\"Star\u00e1 tehla rezan\u00e1 - L roh - Kame\u0148dizajn\",\"isPartOf\":{\"@id\":\"https:\/\/kamendizajn.sk\/#website\"},\"primaryImageOfPage\":{\"@id\":\"https:\/\/kamendizajn.sk\/produkt\/stara-tehla-rezana-l-roh\/#primaryimage\"},\"image\":{\"@id\":\"https:\/\/kamendizajn.sk\/produkt\/stara-tehla-rezana-l-roh\/#primaryimage\"},\"thumbnailUrl\":\"https:\/\/kamendizajn.sk\/wp-content\/uploads\/2025\/01\/5b16690a5f172.jpg\",\"datePublished\":\"2025-01-21T16:05:50+00:00\",\"dateModified\":\"2025-02-17T16:04:25+00:00\",\"description\":\"Rohov\u00e1 tehla v tvare L pre dokonal\u00e9 zakon\u010denie obkladov. Dodajte svojmu priestoru rustik\u00e1lny vzh\u013ead a \u0161t\u00fdl s autentickou starou tehlou!\",\"breadcrumb\":{\"@id\":\"https:\/\/kamendizajn.sk\/produkt\/stara-tehla-rezana-l-roh\/#breadcrumb\"},\"inLanguage\":\"cs\",\"potentialAction\":[{\"@type\":\"ReadAction\",\"target\":[\"https:\/\/kamendizajn.sk\/produkt\/stara-tehla-rezana-l-roh\/\"]}]},{\"@type\":\"ImageObject\",\"inLanguage\":\"cs\",\"@id\":\"https:\/\/kamendizajn.sk\/produkt\/stara-tehla-rezana-l-roh\/#primaryimage\",\"url\":\"https:\/\/kamendizajn.sk\/wp-content\/uploads\/2025\/01\/5b16690a5f172.jpg\",\"contentUrl\":\"https:\/\/kamendizajn.sk\/wp-content\/uploads\/2025\/01\/5b16690a5f172.jpg\",\"width\":300,\"height\":300},{\"@type\":\"BreadcrumbList\",\"@id\":\"https:\/\/kamendizajn.sk\/produkt\/stara-tehla-rezana-l-roh\/#breadcrumb\",\"itemListElement\":[{\"@type\":\"ListItem\",\"position\":1,\"name\":\"Home\",\"item\":\"https:\/\/kamendizajn.sk\/\"},{\"@type\":\"ListItem\",\"position\":2,\"name\":\"Obchod\",\"item\":\"https:\/\/kamendizajn.sk\/obchod\/\"},{\"@type\":\"ListItem\",\"position\":3,\"name\":\"Star\u00e1 tehla rezan\u00e1 &#8211; L roh\"}]},{\"@type\":\"WebSite\",\"@id\":\"https:\/\/kamendizajn.sk\/#website\",\"url\":\"https:\/\/kamendizajn.sk\/\",\"name\":\"Kame\u0148dizajn\",\"description\":\"Kamenn\u00fd obklad a tehlov\u00fd obklad\",\"publisher\":{\"@id\":\"https:\/\/kamendizajn.sk\/#organization\"},\"potentialAction\":[{\"@type\":\"SearchAction\",\"target\":{\"@type\":\"EntryPoint\",\"urlTemplate\":\"https:\/\/kamendizajn.sk\/?s={search_term_string}\"},\"query-input\":{\"@type\":\"PropertyValueSpecification\",\"valueRequired\":true,\"valueName\":\"search_term_string\"}}],\"inLanguage\":\"cs\"},{\"@type\":\"Organization\",\"@id\":\"https:\/\/kamendizajn.sk\/#organization\",\"name\":\"Kame\u0148dizajn\",\"url\":\"https:\/\/kamendizajn.sk\/\",\"logo\":{\"@type\":\"ImageObject\",\"inLanguage\":\"cs\",\"@id\":\"https:\/\/kamendizajn.sk\/#\/schema\/logo\/image\/\",\"url\":\"https:\/\/kamendizajn.sk\/wp-content\/uploads\/2021\/09\/kamendizajn-logo.png\",\"contentUrl\":\"https:\/\/kamendizajn.sk\/wp-content\/uploads\/2021\/09\/kamendizajn-logo.png\",\"width\":1751,\"height\":369,\"caption\":\"Kame\u0148dizajn\"},\"image\":{\"@id\":\"https:\/\/kamendizajn.sk\/#\/schema\/logo\/image\/\"}}]}<\/script>\n<!-- \/ Yoast SEO plugin. -->","yoast_head_json":{"title":"Star\u00e1 tehla rezan\u00e1 - L roh - Kame\u0148dizajn","description":"Rohov\u00e1 tehla v tvare L pre dokonal\u00e9 zakon\u010denie obkladov. Dodajte svojmu priestoru rustik\u00e1lny vzh\u013ead a \u0161t\u00fdl s autentickou starou tehlou!","robots":{"index":"index","follow":"follow","max-snippet":"max-snippet:-1","max-image-preview":"max-image-preview:large","max-video-preview":"max-video-preview:-1"},"canonical":"https:\/\/kamendizajn.sk\/cz\/produkt\/stara-tehla-rezana-l-roh\/","og_locale":"cs_CZ","og_type":"article","og_title":"Star\u00e1 tehla rezan\u00e1 - L roh - Kame\u0148dizajn","og_description":"Rohov\u00e1 tehla v tvare L pre dokonal\u00e9 zakon\u010denie obkladov. Dodajte svojmu priestoru rustik\u00e1lny vzh\u013ead a \u0161t\u00fdl s autentickou starou tehlou!","og_url":"https:\/\/kamendizajn.sk\/cz\/produkt\/stara-tehla-rezana-l-roh\/","og_site_name":"Kame\u0148dizajn","article_modified_time":"2025-02-17T16:04:25+00:00","og_image":[{"width":300,"height":300,"url":"https:\/\/kamendizajn.sk\/wp-content\/uploads\/2025\/01\/5b16690a5f172.jpg","type":"image\/jpeg"}],"twitter_card":"summary_large_image","twitter_misc":{"Odhadovan\u00e1 doba \u010dten\u00ed":"2 minuty"},"schema":{"@context":"https:\/\/schema.org","@graph":[{"@type":"WebPage","@id":"https:\/\/kamendizajn.sk\/produkt\/stara-tehla-rezana-l-roh\/","url":"https:\/\/kamendizajn.sk\/produkt\/stara-tehla-rezana-l-roh\/","name":"Star\u00e1 tehla rezan\u00e1 - L roh - Kame\u0148dizajn","isPartOf":{"@id":"https:\/\/kamendizajn.sk\/#website"},"primaryImageOfPage":{"@id":"https:\/\/kamendizajn.sk\/produkt\/stara-tehla-rezana-l-roh\/#primaryimage"},"image":{"@id":"https:\/\/kamendizajn.sk\/produkt\/stara-tehla-rezana-l-roh\/#primaryimage"},"thumbnailUrl":"https:\/\/kamendizajn.sk\/wp-content\/uploads\/2025\/01\/5b16690a5f172.jpg","datePublished":"2025-01-21T16:05:50+00:00","dateModified":"2025-02-17T16:04:25+00:00","description":"Rohov\u00e1 tehla v tvare L pre dokonal\u00e9 zakon\u010denie obkladov. Dodajte svojmu priestoru rustik\u00e1lny vzh\u013ead a \u0161t\u00fdl s autentickou starou tehlou!","breadcrumb":{"@id":"https:\/\/kamendizajn.sk\/produkt\/stara-tehla-rezana-l-roh\/#breadcrumb"},"inLanguage":"cs","potentialAction":[{"@type":"ReadAction","target":["https:\/\/kamendizajn.sk\/produkt\/stara-tehla-rezana-l-roh\/"]}]},{"@type":"ImageObject","inLanguage":"cs","@id":"https:\/\/kamendizajn.sk\/produkt\/stara-tehla-rezana-l-roh\/#primaryimage","url":"https:\/\/kamendizajn.sk\/wp-content\/uploads\/2025\/01\/5b16690a5f172.jpg","contentUrl":"https:\/\/kamendizajn.sk\/wp-content\/uploads\/2025\/01\/5b16690a5f172.jpg","width":300,"height":300},{"@type":"BreadcrumbList","@id":"https:\/\/kamendizajn.sk\/produkt\/stara-tehla-rezana-l-roh\/#breadcrumb","itemListElement":[{"@type":"ListItem","position":1,"name":"Home","item":"https:\/\/kamendizajn.sk\/"},{"@type":"ListItem","position":2,"name":"Obchod","item":"https:\/\/kamendizajn.sk\/obchod\/"},{"@type":"ListItem","position":3,"name":"Star\u00e1 tehla rezan\u00e1 &#8211; L roh"}]},{"@type":"WebSite","@id":"https:\/\/kamendizajn.sk\/#website","url":"https:\/\/kamendizajn.sk\/","name":"Kame\u0148dizajn","description":"Kamenn\u00fd obklad a tehlov\u00fd obklad","publisher":{"@id":"https:\/\/kamendizajn.sk\/#organization"},"potentialAction":[{"@type":"SearchAction","target":{"@type":"EntryPoint","urlTemplate":"https:\/\/kamendizajn.sk\/?s={search_term_string}"},"query-input":{"@type":"PropertyValueSpecification","valueRequired":true,"valueName":"search_term_string"}}],"inLanguage":"cs"},{"@type":"Organization","@id":"https:\/\/kamendizajn.sk\/#organization","name":"Kame\u0148dizajn","url":"https:\/\/kamendizajn.sk\/","logo":{"@type":"ImageObject","inLanguage":"cs","@id":"https:\/\/kamendizajn.sk\/#\/schema\/logo\/image\/","url":"https:\/\/kamendizajn.sk\/wp-content\/uploads\/2021\/09\/kamendizajn-logo.png","contentUrl":"https:\/\/kamendizajn.sk\/wp-content\/uploads\/2021\/09\/kamendizajn-logo.png","width":1751,"height":369,"caption":"Kame\u0148dizajn"},"image":{"@id":"https:\/\/kamendizajn.sk\/#\/schema\/logo\/image\/"}}]}},"_links":{"self":[{"href":"https:\/\/kamendizajn.sk\/cz\/wp-json\/wp\/v2\/product\/653","targetHints":{"allow":["GET"]}}],"collection":[{"href":"https:\/\/kamendizajn.sk\/cz\/wp-json\/wp\/v2\/product"}],"about":[{"href":"https:\/\/kamendizajn.sk\/cz\/wp-json\/wp\/v2\/types\/product"}],"wp:featuredmedia":[{"embeddable":true,"href":"https:\/\/kamendizajn.sk\/cz\/wp-json\/wp\/v2\/media\/656"}],"wp:attachment":[{"href":"https:\/\/kamendizajn.sk\/cz\/wp-json\/wp\/v2\/media?parent=653"}],"wp:term":[{"taxonomy":"product_brand","embeddable":true,"href":"https:\/\/kamendizajn.sk\/cz\/wp-json\/wp\/v2\/product_brand?post=653"},{"taxonomy":"product_cat","embeddable":true,"href":"https:\/\/kamendizajn.sk\/cz\/wp-json\/wp\/v2\/product_cat?post=653"},{"taxonomy":"product_tag","embeddable":true,"href":"https:\/\/kamendizajn.sk\/cz\/wp-json\/wp\/v2\/product_tag?post=653"}],"curies":[{"name":"wp","href":"https:\/\/api.w.org\/{rel}","templated":true}]}}