{"id":869,"date":"2025-02-04T10:54:54","date_gmt":"2025-02-04T09:54:54","guid":{"rendered":"https:\/\/kamendizajn.sk\/?post_type=product&#038;p=869"},"modified":"2025-02-17T16:53:40","modified_gmt":"2025-02-17T15:53:40","slug":"arcadia","status":"publish","type":"product","link":"https:\/\/kamendizajn.sk\/cz\/produkt\/arcadia\/","title":{"rendered":"Arcadia"},"content":{"rendered":"","protected":false},"excerpt":{"rendered":"<p>Plotov\u00fd syst\u00e9m Arcadia pat\u0159\u00ed do linie antick\u00fdch v\u00fdrobk\u016f. Jedn\u00e1 se o syst\u00e9m sest\u00e1vaj\u00edc\u00ed ze t\u0159\u00ed form\u00e1t\u016f pln\u00fdch betonov\u00fdch blok\u016f s otloukan\u00fdm povrchem. Syst\u00e9m je vytvo\u0159en tak, \u017ee jednotliv\u00e9 form\u00e1ty do sebe zapadaj\u00ed a mohou se vz\u00e1jemn\u011b dopl\u0148ovat. P\u0159i zhotovov\u00e1n\u00ed d\u00edla je t\u0159eba p\u0159edch\u00e1zet sp\u00e1r\u00e1m horizont\u00e1ln\u011b i vertik\u00e1ln\u011b del\u0161\u00edm ne\u017e 1m. Bloky lze ukl\u00e1dat nepravideln\u011b, ale i p\u0159esto mus\u00ed b\u00fdt mezi nimi stejn\u00e9 rozestupy, aby vytv\u00e1\u0159ely harmonick\u00fd celek. Kv\u016fli stabilit\u011b zdi je d\u016fle\u017eit\u00e9 p\u0159edch\u00e1zet tvorb\u011b k\u0159\u00ed\u017eov\u00fdch sp\u00e1r. Maxim\u00e1ln\u00ed doporu\u010den\u00e1 v\u00fd\u0161ka zdi je 1,8 a\u017e 2m. Bloky se vyr\u00e1b\u011bj\u00ed z hydrofobn\u00edho betonu, kter\u00fd zabra\u0148uje pronik\u00e1n\u00ed vody do struktury kamene. Mo\u017enost kladen\u00ed blok\u016f na lepidlo nebo maltovou sm\u011bs.<\/p>\n<p>Barevn\u00e1 proveden\u00ed k dispozici:<\/p>\n<div id=\"ngg-gallery-830cd710467ec52738badf9a6a33e8dd-1\" class=\"ngg-galleryoverview default-view ngg-ajax-pagination-none\">\n<div id=\"ngg-image-0\" class=\"ngg-gallery-thumbnail-box\">\n<div class=\"ngg-gallery-thumbnail\"><a class=\"ngg-simplelightbox\" title=\"Dolomite\" href=\"https:\/\/www.prodlazba.sk\/wp-content\/gallery\/csd-dolomitegiallogranitopieskovec\/dolomite.jpg\" rel=\"830cd710467ec52738badf9a6a33e8dd\" data-src=\"https:\/\/www.prodlazba.sk\/wp-content\/gallery\/csd-dolomitegiallogranitopieskovec\/dolomite.jpg\" data-thumbnail=\"https:\/\/www.prodlazba.sk\/wp-content\/gallery\/csd-dolomitegiallogranitopieskovec\/thumbs\/thumbs_dolomite.jpg\" data-image-id=\"226\" data-title=\"dolomite\" data-description=\"Dolomite\" data-image-slug=\"dolomite-9\"><img decoding=\"async\" title=\"dolomite\" src=\"https:\/\/www.prodlazba.sk\/wp-content\/gallery\/csd-dolomitegiallogranitopieskovec\/thumbs\/thumbs_dolomite.jpg\" alt=\"dolomite\" width=\"120\" height=\"90\" \/><\/a><\/div>\n<\/div>\n<div id=\"ngg-image-1\" class=\"ngg-gallery-thumbnail-box\">\n<div class=\"ngg-gallery-thumbnail\"><a class=\"ngg-simplelightbox\" title=\"Granito\" href=\"https:\/\/www.prodlazba.sk\/wp-content\/gallery\/csd-dolomitegiallogranitopieskovec\/granito.jpg\" rel=\"830cd710467ec52738badf9a6a33e8dd\" data-src=\"https:\/\/www.prodlazba.sk\/wp-content\/gallery\/csd-dolomitegiallogranitopieskovec\/granito.jpg\" data-thumbnail=\"https:\/\/www.prodlazba.sk\/wp-content\/gallery\/csd-dolomitegiallogranitopieskovec\/thumbs\/thumbs_granito.jpg\" data-image-id=\"228\" data-title=\"granito\" data-description=\"Granito\" data-image-slug=\"granito-12\"><img decoding=\"async\" title=\"granito\" src=\"https:\/\/www.prodlazba.sk\/wp-content\/gallery\/csd-dolomitegiallogranitopieskovec\/thumbs\/thumbs_granito.jpg\" alt=\"granito\" width=\"120\" height=\"90\" \/><\/a><\/div>\n<\/div>\n<div id=\"ngg-image-2\" class=\"ngg-gallery-thumbnail-box\">\n<div class=\"ngg-gallery-thumbnail\"><a class=\"ngg-simplelightbox\" title=\"P\u00edskovec\" href=\"https:\/\/www.prodlazba.sk\/wp-content\/gallery\/csd-dolomitegiallogranitopieskovec\/pieskovec.jpg\" rel=\"830cd710467ec52738badf9a6a33e8dd\" data-src=\"https:\/\/www.prodlazba.sk\/wp-content\/gallery\/csd-dolomitegiallogranitopieskovec\/pieskovec.jpg\" data-thumbnail=\"https:\/\/www.prodlazba.sk\/wp-content\/gallery\/csd-dolomitegiallogranitopieskovec\/thumbs\/thumbs_pieskovec.jpg\" data-image-id=\"229\" data-title=\"pieskovec\" data-description=\"Pieskovec\" data-image-slug=\"pieskovec\"><img decoding=\"async\" title=\"p\u00edskovec\" src=\"https:\/\/www.prodlazba.sk\/wp-content\/gallery\/csd-dolomitegiallogranitopieskovec\/thumbs\/thumbs_pieskovec.jpg\" alt=\"pieskovec\" width=\"120\" height=\"90\" \/><\/a><\/div>\n<\/div>\n<\/div>","protected":false},"featured_media":870,"template":"","meta":{"site-sidebar-layout":"default","site-content-layout":"","ast-site-content-layout":"default","site-content-style":"default","site-sidebar-style":"default","ast-global-header-display":"","ast-banner-title-visibility":"","ast-main-header-display":"","ast-hfb-above-header-display":"","ast-hfb-below-header-display":"","ast-hfb-mobile-header-display":"","site-post-title":"","ast-breadcrumbs-content":"","ast-featured-img":"","footer-sml-layout":"","theme-transparent-header-meta":"default","adv-header-id-meta":"","stick-header-meta":"","header-above-stick-meta":"","header-main-stick-meta":"","header-below-stick-meta":"","astra-migrate-meta-layouts":"set","ast-page-background-enabled":"default","ast-page-background-meta":{"desktop":{"background-color":"var(--ast-global-color-4)","background-image":"","background-repeat":"repeat","background-position":"center center","background-size":"auto","background-attachment":"scroll","background-type":"","background-media":"","overlay-type":"","overlay-color":"","overlay-opacity":"","overlay-gradient":""},"tablet":{"background-color":"","background-image":"","background-repeat":"repeat","background-position":"center center","background-size":"auto","background-attachment":"scroll","background-type":"","background-media":"","overlay-type":"","overlay-color":"","overlay-opacity":"","overlay-gradient":""},"mobile":{"background-color":"","background-image":"","background-repeat":"repeat","background-position":"center center","background-size":"auto","background-attachment":"scroll","background-type":"","background-media":"","overlay-type":"","overlay-color":"","overlay-opacity":"","overlay-gradient":""}},"ast-content-background-meta":{"desktop":{"background-color":"var(--ast-global-color-5)","background-image":"","background-repeat":"repeat","background-position":"center center","background-size":"auto","background-attachment":"scroll","background-type":"","background-media":"","overlay-type":"","overlay-color":"","overlay-opacity":"","overlay-gradient":""},"tablet":{"background-color":"var(--ast-global-color-5)","background-image":"","background-repeat":"repeat","background-position":"center center","background-size":"auto","background-attachment":"scroll","background-type":"","background-media":"","overlay-type":"","overlay-color":"","overlay-opacity":"","overlay-gradient":""},"mobile":{"background-color":"var(--ast-global-color-5)","background-image":"","background-repeat":"repeat","background-position":"center center","background-size":"auto","background-attachment":"scroll","background-type":"","background-media":"","overlay-type":"","overlay-color":"","overlay-opacity":"","overlay-gradient":""}}},"product_brand":[],"product_cat":[39,38],"product_tag":[],"class_list":{"0":"post-869","1":"product","2":"type-product","3":"status-publish","4":"has-post-thumbnail","6":"product_cat-betonove-podlahy","7":"product_cat-pohladovy-beton","8":"desktop-align-center","9":"tablet-align-left","10":"mobile-align-left","12":"first","13":"instock","14":"shipping-taxable","15":"product-type-simple"},"yoast_head":"<!-- This site is optimized with the Yoast SEO plugin v26.8 - https:\/\/yoast.com\/product\/yoast-seo-wordpress\/ -->\n<title>Arcadia - Kame\u0148dizajn<\/title>\n<meta name=\"robots\" content=\"index, follow, max-snippet:-1, max-image-preview:large, max-video-preview:-1\" \/>\n<link rel=\"canonical\" href=\"https:\/\/kamendizajn.sk\/cz\/produkt\/arcadia\/\" \/>\n<meta property=\"og:locale\" content=\"cs_CZ\" \/>\n<meta property=\"og:type\" content=\"article\" \/>\n<meta property=\"og:title\" content=\"Arcadia - Kame\u0148dizajn\" \/>\n<meta property=\"og:description\" content=\"Plotov\u00fd syst\u00e9m Arcadia patr\u00ed do l\u00ednie antick\u00fdch v\u00fdrobkov. Ide o syst\u00e9m pozost\u00e1vaj\u00faci z troch form\u00e1tov pln\u00fdch bet\u00f3nov\u00fdch blokov s ot\u013akan\u00fdm povrchom. Syst\u00e9m je vytvoren\u00fd tak, \u017ee jednotliv\u00e9 form\u00e1ty do seba zapadaj\u00fa a m\u00f4\u017eu sa vz\u00e1jomne dop\u013a\u0148a\u0165. Pri zhotovovan\u00ed diela je potrebn\u00e9 predch\u00e1dza\u0165 \u0161k\u00e1ram horizont\u00e1lne i vertik\u00e1lne dlh\u0161\u00edm ako 1 m. Bloky mo\u017eno uklada\u0165 nepravidelne, ale i napriek tomu musia by\u0165 medzi nimi rovnak\u00e9 rozostupy, aby vytv\u00e1rali harmonick\u00fd celok. Kv\u00f4li stabilite m\u00faru je d\u00f4le\u017eit\u00e9 predch\u00e1dza\u0165 tvorbe kr\u00ed\u017eov\u00fdch \u0161k\u00e1r. Maxim\u00e1lna odpor\u00fa\u010dan\u00e1 v\u00fd\u0161ka m\u00faru je 1,8 a\u017e 2 m. Bloky sa vyr\u00e1baj\u00fa z hydrof\u00f3bneho bet\u00f3nu, ktor\u00fd zabra\u0148uje prenikaniu vody do \u0161trukt\u00fary kame\u0148a. Mo\u017enos\u0165 kladenia blokov na lepidlo alebo maltov\u00fa zmes.  Farebn\u00e9 prevedenia k dispoz\u00edcii:\" \/>\n<meta property=\"og:url\" content=\"https:\/\/kamendizajn.sk\/cz\/produkt\/arcadia\/\" \/>\n<meta property=\"og:site_name\" content=\"Kame\u0148dizajn\" \/>\n<meta property=\"article:modified_time\" content=\"2025-02-17T15:53:40+00:00\" \/>\n<meta property=\"og:image\" content=\"https:\/\/kamendizajn.sk\/wp-content\/uploads\/2025\/02\/arcadia-1.jpg\" \/>\n\t<meta property=\"og:image:width\" content=\"1219\" \/>\n\t<meta property=\"og:image:height\" content=\"1080\" \/>\n\t<meta property=\"og:image:type\" content=\"image\/jpeg\" \/>\n<meta name=\"twitter:card\" content=\"summary_large_image\" \/>\n<meta name=\"twitter:label1\" content=\"Odhadovan\u00e1 doba \u010dten\u00ed\" \/>\n\t<meta name=\"twitter:data1\" content=\"1 minuta\" \/>\n<script type=\"application\/ld+json\" class=\"yoast-schema-graph\">{\"@context\":\"https:\/\/schema.org\",\"@graph\":[{\"@type\":\"WebPage\",\"@id\":\"https:\/\/kamendizajn.sk\/cz\/produkt\/arcadia\/\",\"url\":\"https:\/\/kamendizajn.sk\/cz\/produkt\/arcadia\/\",\"name\":\"Arcadia - Kame\u0148dizajn\",\"isPartOf\":{\"@id\":\"https:\/\/kamendizajn.sk\/#website\"},\"primaryImageOfPage\":{\"@id\":\"https:\/\/kamendizajn.sk\/cz\/produkt\/arcadia\/#primaryimage\"},\"image\":{\"@id\":\"https:\/\/kamendizajn.sk\/cz\/produkt\/arcadia\/#primaryimage\"},\"thumbnailUrl\":\"https:\/\/kamendizajn.sk\/wp-content\/uploads\/2025\/02\/arcadia-1.jpg\",\"datePublished\":\"2025-02-04T09:54:54+00:00\",\"dateModified\":\"2025-02-17T15:53:40+00:00\",\"breadcrumb\":{\"@id\":\"https:\/\/kamendizajn.sk\/cz\/produkt\/arcadia\/#breadcrumb\"},\"inLanguage\":\"cs\",\"potentialAction\":[{\"@type\":\"ReadAction\",\"target\":[\"https:\/\/kamendizajn.sk\/cz\/produkt\/arcadia\/\"]}]},{\"@type\":\"ImageObject\",\"inLanguage\":\"cs\",\"@id\":\"https:\/\/kamendizajn.sk\/cz\/produkt\/arcadia\/#primaryimage\",\"url\":\"https:\/\/kamendizajn.sk\/wp-content\/uploads\/2025\/02\/arcadia-1.jpg\",\"contentUrl\":\"https:\/\/kamendizajn.sk\/wp-content\/uploads\/2025\/02\/arcadia-1.jpg\",\"width\":1219,\"height\":1080},{\"@type\":\"BreadcrumbList\",\"@id\":\"https:\/\/kamendizajn.sk\/cz\/produkt\/arcadia\/#breadcrumb\",\"itemListElement\":[{\"@type\":\"ListItem\",\"position\":1,\"name\":\"Home\",\"item\":\"https:\/\/kamendizajn.sk\/\"},{\"@type\":\"ListItem\",\"position\":2,\"name\":\"Obchod\",\"item\":\"https:\/\/kamendizajn.sk\/obchod\/\"},{\"@type\":\"ListItem\",\"position\":3,\"name\":\"Arcadia\"}]},{\"@type\":\"WebSite\",\"@id\":\"https:\/\/kamendizajn.sk\/#website\",\"url\":\"https:\/\/kamendizajn.sk\/\",\"name\":\"Kame\u0148dizajn\",\"description\":\"Kamenn\u00fd obklad a tehlov\u00fd obklad\",\"publisher\":{\"@id\":\"https:\/\/kamendizajn.sk\/#organization\"},\"potentialAction\":[{\"@type\":\"SearchAction\",\"target\":{\"@type\":\"EntryPoint\",\"urlTemplate\":\"https:\/\/kamendizajn.sk\/?s={search_term_string}\"},\"query-input\":{\"@type\":\"PropertyValueSpecification\",\"valueRequired\":true,\"valueName\":\"search_term_string\"}}],\"inLanguage\":\"cs\"},{\"@type\":\"Organization\",\"@id\":\"https:\/\/kamendizajn.sk\/#organization\",\"name\":\"Kame\u0148dizajn\",\"url\":\"https:\/\/kamendizajn.sk\/\",\"logo\":{\"@type\":\"ImageObject\",\"inLanguage\":\"cs\",\"@id\":\"https:\/\/kamendizajn.sk\/#\/schema\/logo\/image\/\",\"url\":\"https:\/\/kamendizajn.sk\/wp-content\/uploads\/2021\/09\/kamendizajn-logo.png\",\"contentUrl\":\"https:\/\/kamendizajn.sk\/wp-content\/uploads\/2021\/09\/kamendizajn-logo.png\",\"width\":1751,\"height\":369,\"caption\":\"Kame\u0148dizajn\"},\"image\":{\"@id\":\"https:\/\/kamendizajn.sk\/#\/schema\/logo\/image\/\"}}]}<\/script>\n<!-- \/ Yoast SEO plugin. -->","yoast_head_json":{"title":"Arcadia - Kame\u0148dizajn","robots":{"index":"index","follow":"follow","max-snippet":"max-snippet:-1","max-image-preview":"max-image-preview:large","max-video-preview":"max-video-preview:-1"},"canonical":"https:\/\/kamendizajn.sk\/cz\/produkt\/arcadia\/","og_locale":"cs_CZ","og_type":"article","og_title":"Arcadia - Kame\u0148dizajn","og_description":"Plotov\u00fd syst\u00e9m Arcadia patr\u00ed do l\u00ednie antick\u00fdch v\u00fdrobkov. Ide o syst\u00e9m pozost\u00e1vaj\u00faci z troch form\u00e1tov pln\u00fdch bet\u00f3nov\u00fdch blokov s ot\u013akan\u00fdm povrchom. Syst\u00e9m je vytvoren\u00fd tak, \u017ee jednotliv\u00e9 form\u00e1ty do seba zapadaj\u00fa a m\u00f4\u017eu sa vz\u00e1jomne dop\u013a\u0148a\u0165. Pri zhotovovan\u00ed diela je potrebn\u00e9 predch\u00e1dza\u0165 \u0161k\u00e1ram horizont\u00e1lne i vertik\u00e1lne dlh\u0161\u00edm ako 1 m. Bloky mo\u017eno uklada\u0165 nepravidelne, ale i napriek tomu musia by\u0165 medzi nimi rovnak\u00e9 rozostupy, aby vytv\u00e1rali harmonick\u00fd celok. Kv\u00f4li stabilite m\u00faru je d\u00f4le\u017eit\u00e9 predch\u00e1dza\u0165 tvorbe kr\u00ed\u017eov\u00fdch \u0161k\u00e1r. Maxim\u00e1lna odpor\u00fa\u010dan\u00e1 v\u00fd\u0161ka m\u00faru je 1,8 a\u017e 2 m. Bloky sa vyr\u00e1baj\u00fa z hydrof\u00f3bneho bet\u00f3nu, ktor\u00fd zabra\u0148uje prenikaniu vody do \u0161trukt\u00fary kame\u0148a. Mo\u017enos\u0165 kladenia blokov na lepidlo alebo maltov\u00fa zmes.  Farebn\u00e9 prevedenia k dispoz\u00edcii:","og_url":"https:\/\/kamendizajn.sk\/cz\/produkt\/arcadia\/","og_site_name":"Kame\u0148dizajn","article_modified_time":"2025-02-17T15:53:40+00:00","og_image":[{"width":1219,"height":1080,"url":"https:\/\/kamendizajn.sk\/wp-content\/uploads\/2025\/02\/arcadia-1.jpg","type":"image\/jpeg"}],"twitter_card":"summary_large_image","twitter_misc":{"Odhadovan\u00e1 doba \u010dten\u00ed":"1 minuta"},"schema":{"@context":"https:\/\/schema.org","@graph":[{"@type":"WebPage","@id":"https:\/\/kamendizajn.sk\/cz\/produkt\/arcadia\/","url":"https:\/\/kamendizajn.sk\/cz\/produkt\/arcadia\/","name":"Arcadia - Kame\u0148dizajn","isPartOf":{"@id":"https:\/\/kamendizajn.sk\/#website"},"primaryImageOfPage":{"@id":"https:\/\/kamendizajn.sk\/cz\/produkt\/arcadia\/#primaryimage"},"image":{"@id":"https:\/\/kamendizajn.sk\/cz\/produkt\/arcadia\/#primaryimage"},"thumbnailUrl":"https:\/\/kamendizajn.sk\/wp-content\/uploads\/2025\/02\/arcadia-1.jpg","datePublished":"2025-02-04T09:54:54+00:00","dateModified":"2025-02-17T15:53:40+00:00","breadcrumb":{"@id":"https:\/\/kamendizajn.sk\/cz\/produkt\/arcadia\/#breadcrumb"},"inLanguage":"cs","potentialAction":[{"@type":"ReadAction","target":["https:\/\/kamendizajn.sk\/cz\/produkt\/arcadia\/"]}]},{"@type":"ImageObject","inLanguage":"cs","@id":"https:\/\/kamendizajn.sk\/cz\/produkt\/arcadia\/#primaryimage","url":"https:\/\/kamendizajn.sk\/wp-content\/uploads\/2025\/02\/arcadia-1.jpg","contentUrl":"https:\/\/kamendizajn.sk\/wp-content\/uploads\/2025\/02\/arcadia-1.jpg","width":1219,"height":1080},{"@type":"BreadcrumbList","@id":"https:\/\/kamendizajn.sk\/cz\/produkt\/arcadia\/#breadcrumb","itemListElement":[{"@type":"ListItem","position":1,"name":"Home","item":"https:\/\/kamendizajn.sk\/"},{"@type":"ListItem","position":2,"name":"Obchod","item":"https:\/\/kamendizajn.sk\/obchod\/"},{"@type":"ListItem","position":3,"name":"Arcadia"}]},{"@type":"WebSite","@id":"https:\/\/kamendizajn.sk\/#website","url":"https:\/\/kamendizajn.sk\/","name":"Kame\u0148dizajn","description":"Kamenn\u00fd obklad a tehlov\u00fd obklad","publisher":{"@id":"https:\/\/kamendizajn.sk\/#organization"},"potentialAction":[{"@type":"SearchAction","target":{"@type":"EntryPoint","urlTemplate":"https:\/\/kamendizajn.sk\/?s={search_term_string}"},"query-input":{"@type":"PropertyValueSpecification","valueRequired":true,"valueName":"search_term_string"}}],"inLanguage":"cs"},{"@type":"Organization","@id":"https:\/\/kamendizajn.sk\/#organization","name":"Kame\u0148dizajn","url":"https:\/\/kamendizajn.sk\/","logo":{"@type":"ImageObject","inLanguage":"cs","@id":"https:\/\/kamendizajn.sk\/#\/schema\/logo\/image\/","url":"https:\/\/kamendizajn.sk\/wp-content\/uploads\/2021\/09\/kamendizajn-logo.png","contentUrl":"https:\/\/kamendizajn.sk\/wp-content\/uploads\/2021\/09\/kamendizajn-logo.png","width":1751,"height":369,"caption":"Kame\u0148dizajn"},"image":{"@id":"https:\/\/kamendizajn.sk\/#\/schema\/logo\/image\/"}}]}},"_links":{"self":[{"href":"https:\/\/kamendizajn.sk\/cz\/wp-json\/wp\/v2\/product\/869","targetHints":{"allow":["GET"]}}],"collection":[{"href":"https:\/\/kamendizajn.sk\/cz\/wp-json\/wp\/v2\/product"}],"about":[{"href":"https:\/\/kamendizajn.sk\/cz\/wp-json\/wp\/v2\/types\/product"}],"wp:featuredmedia":[{"embeddable":true,"href":"https:\/\/kamendizajn.sk\/cz\/wp-json\/wp\/v2\/media\/870"}],"wp:attachment":[{"href":"https:\/\/kamendizajn.sk\/cz\/wp-json\/wp\/v2\/media?parent=869"}],"wp:term":[{"taxonomy":"product_brand","embeddable":true,"href":"https:\/\/kamendizajn.sk\/cz\/wp-json\/wp\/v2\/product_brand?post=869"},{"taxonomy":"product_cat","embeddable":true,"href":"https:\/\/kamendizajn.sk\/cz\/wp-json\/wp\/v2\/product_cat?post=869"},{"taxonomy":"product_tag","embeddable":true,"href":"https:\/\/kamendizajn.sk\/cz\/wp-json\/wp\/v2\/product_tag?post=869"}],"curies":[{"name":"wp","href":"https:\/\/api.w.org\/{rel}","templated":true}]}}