{"id":915,"date":"2025-02-04T12:03:09","date_gmt":"2025-02-04T11:03:09","guid":{"rendered":"https:\/\/kamendizajn.sk\/?post_type=product&#038;p=915"},"modified":"2025-02-17T16:53:15","modified_gmt":"2025-02-17T15:53:15","slug":"betonova-strieska-hladka-390x270x65","status":"publish","type":"product","link":"https:\/\/kamendizajn.sk\/cz\/produkt\/betonova-strieska-hladka-390x270x65\/","title":{"rendered":"Betonov\u00e1 st\u0159\u00ed\u0161ka \u2013 rovn\u00e1"},"content":{"rendered":"","protected":false},"excerpt":{"rendered":"<p>Osazuj\u00ed se na vrchn\u00ed \u010d\u00e1st, p\u0159ilepen\u00edm mrazuvzdorn\u00fdm cementov\u00fdm lepidlem.<br \/>\nMezery se vypl\u0148uj\u00ed sp\u00e1rovac\u00ed hmotou nebo silikonem. \u010c\u00edm zamez\u00edte zat\u00e9k\u00e1n\u00ed vody.<\/p>\n<p>Instaluj\u00ed se na rovn\u00e9 plochy.<\/p>\n<p>Vyr\u00e1b\u011bj\u00ed se v rovn\u00e9 verzi o v\u00fd\u0161ce 3,5cm<\/p>\n<p>Nen\u00ed nutn\u00e1 dal\u0161\u00ed povrchov\u00e1 \u00faprava.<\/p>\n<p>Jsou p\u0159izp\u016fsobeny vn\u011bj\u0161\u00edm vliv\u016fm po\u010das\u00ed a tak v\u00e1m budou slou\u017eit dlouh\u00e1 l\u00e9ta.<\/p>\n<p>Jsou mrazuvzdorn\u00e9.<\/p>\n<p>\u017divotnost betonov\u00fdch prvk\u016f je extr\u00e9mn\u011b dlouh\u00e1.<\/p>\n<p>Betonov\u00e9 st\u0159\u00ed\u0161ky jsou vyr\u00e1b\u011bny z certifikovan\u00e9ho betonu.<\/p>\n<p>Vyr\u00e1b\u011bj\u00ed se z tekut\u00e9ho betonu vylit\u00e9ho do forem, kter\u00fd je vibrov\u00e1n.<\/p>\n<p>D\u00edky tomu je jeho povrch velmi hladk\u00fd.<\/p>\n<p>P\u0159i jejich v\u00fdrob\u011b se nepou\u017e\u00edvaj\u00ed zpevn\u011bn\u00ed kovov\u00e9 v\u00fdztuhy.<\/p>\n<p>Aby fungovaly spr\u00e1vn\u011b, ze spodn\u00ed \u010d\u00e1sti st\u0159\u00ed\u0161ky jsou \u017el\u00e1bky na odkap\u00e1v\u00e1n\u00ed vody vzd\u00e1leny 1,5 cm od okraje, na cel\u00e9 d\u00e9lce st\u0159\u00ed\u0161ky.<\/p>\n<p>Slou\u017e\u00ed k zakryt\u00ed zd\u011bn\u00fdch plot\u016f nebo zd\u011bn\u00e9ho sloupu \u010di z\u00eddky.<\/p>\n<p>Mont\u00e1\u017e zaji\u0161\u0165uje obvykle kvalifikovan\u00fd zedn\u00edk. Zvl\u00e1dnete ho v\u0161ak i sami.<\/p>\n<p>K mont\u00e1\u017ei pot\u0159ebujete pouze z\u00e1kladn\u00ed zednick\u00e9 n\u00e1stroje a vodov\u00e1hu.<\/p>\n<p>St\u0159\u00ed\u0161ky najdou sv\u00e9 pou\u017eit\u00ed u rodinn\u00fdch dom\u016f \u010di vilek.<\/p>\n<p>Zd\u011bn\u00e9 ploty, nap\u0159\u00edklad. ze \u0161t\u00edpan\u00e9ho betonu jsou dnes velmi m\u00f3dn\u00ed. St\u0159\u00ed\u0161ky je vhodn\u011b dopln\u00ed a ochr\u00e1n\u00ed.<\/p>\n<p>Jednoduch\u00fd vzhled betonov\u00fdch st\u0159\u00ed\u0161ek je vhodn\u00fd pro ka\u017ed\u00fd typ zdi.<\/p>\n<p>Je vyr\u00e1b\u011bn v r\u016fzn\u00fdch barevn\u00fdch odst\u00ednech, a tak si vyberete vhodnou barvu pro v\u00e1s plot.<\/p>\n<p>Dodejte sv\u00e9mu plotu eleganci d\u00edky kvalitn\u011b vyroben\u00fdm betonov\u00fdm st\u0159\u00ed\u0161k\u00e1m.<\/p>","protected":false},"featured_media":918,"template":"","meta":{"site-sidebar-layout":"default","site-content-layout":"","ast-site-content-layout":"default","site-content-style":"default","site-sidebar-style":"default","ast-global-header-display":"","ast-banner-title-visibility":"","ast-main-header-display":"","ast-hfb-above-header-display":"","ast-hfb-below-header-display":"","ast-hfb-mobile-header-display":"","site-post-title":"","ast-breadcrumbs-content":"","ast-featured-img":"","footer-sml-layout":"","theme-transparent-header-meta":"default","adv-header-id-meta":"","stick-header-meta":"","header-above-stick-meta":"","header-main-stick-meta":"","header-below-stick-meta":"","astra-migrate-meta-layouts":"set","ast-page-background-enabled":"default","ast-page-background-meta":{"desktop":{"background-color":"var(--ast-global-color-4)","background-image":"","background-repeat":"repeat","background-position":"center center","background-size":"auto","background-attachment":"scroll","background-type":"","background-media":"","overlay-type":"","overlay-color":"","overlay-opacity":"","overlay-gradient":""},"tablet":{"background-color":"","background-image":"","background-repeat":"repeat","background-position":"center center","background-size":"auto","background-attachment":"scroll","background-type":"","background-media":"","overlay-type":"","overlay-color":"","overlay-opacity":"","overlay-gradient":""},"mobile":{"background-color":"","background-image":"","background-repeat":"repeat","background-position":"center center","background-size":"auto","background-attachment":"scroll","background-type":"","background-media":"","overlay-type":"","overlay-color":"","overlay-opacity":"","overlay-gradient":""}},"ast-content-background-meta":{"desktop":{"background-color":"var(--ast-global-color-5)","background-image":"","background-repeat":"repeat","background-position":"center center","background-size":"auto","background-attachment":"scroll","background-type":"","background-media":"","overlay-type":"","overlay-color":"","overlay-opacity":"","overlay-gradient":""},"tablet":{"background-color":"var(--ast-global-color-5)","background-image":"","background-repeat":"repeat","background-position":"center center","background-size":"auto","background-attachment":"scroll","background-type":"","background-media":"","overlay-type":"","overlay-color":"","overlay-opacity":"","overlay-gradient":""},"mobile":{"background-color":"var(--ast-global-color-5)","background-image":"","background-repeat":"repeat","background-position":"center center","background-size":"auto","background-attachment":"scroll","background-type":"","background-media":"","overlay-type":"","overlay-color":"","overlay-opacity":"","overlay-gradient":""}}},"product_brand":[],"product_cat":[39,38],"product_tag":[],"class_list":{"0":"post-915","1":"product","2":"type-product","3":"status-publish","4":"has-post-thumbnail","6":"product_cat-betonove-podlahy","7":"product_cat-pohladovy-beton","8":"desktop-align-center","9":"tablet-align-left","10":"mobile-align-left","12":"first","13":"instock","14":"shipping-taxable","15":"product-type-simple"},"yoast_head":"<!-- This site is optimized with the Yoast SEO plugin v26.8 - https:\/\/yoast.com\/product\/yoast-seo-wordpress\/ -->\n<title>Bet\u00f3nov\u00e1 strie\u0161ka \u2013 rovn\u00e1 - Kame\u0148dizajn<\/title>\n<meta name=\"robots\" content=\"index, follow, max-snippet:-1, max-image-preview:large, max-video-preview:-1\" \/>\n<link rel=\"canonical\" href=\"https:\/\/kamendizajn.sk\/cz\/produkt\/betonova-strieska-hladka-390x270x65\/\" \/>\n<meta property=\"og:locale\" content=\"cs_CZ\" \/>\n<meta property=\"og:type\" content=\"article\" \/>\n<meta property=\"og:title\" content=\"Bet\u00f3nov\u00e1 strie\u0161ka \u2013 rovn\u00e1 - Kame\u0148dizajn\" \/>\n<meta property=\"og:description\" content=\"Os\u00e1dzaj\u00fa sa na vrchn\u00fa \u010das\u0165, prilepen\u00edm mrazuvzdorn\u00fdm cementov\u00fdm lepidlom. Medzery sa vyp\u013a\u0148aj\u00fa \u0161k\u00e1rovacou hmotou alebo silik\u00f3nom. \u010c\u00edm zamedz\u00edte zatekaniu vody.  In\u0161taluj\u00fa sa na rovn\u00e9 plochy.  Vyr\u00e1baj\u00fa sa v rovnej verzii s v\u00fd\u0161kou 3,5cm  Nie je potrebn\u00e1 \u010fal\u0161ia povrchov\u00e1 \u00faprava.  S\u00fa prisp\u00f4soben\u00e9 vonkaj\u0161\u00edm vplyvom po\u010dasia a tak v\u00e1m bud\u00fa sl\u00fa\u017ei\u0165 dlh\u00e9 roky.  S\u00fa mrazuvzdorn\u00e9.  \u017divotnos\u0165 bet\u00f3nov\u00fdch prvkov je extr\u00e9mne dlh\u00e1.  Bet\u00f3nov\u00e9 strie\u0161ky s\u00fa vyr\u00e1ban\u00e9 z certifikovan\u00e9ho bet\u00f3nu.  Vyr\u00e1baj\u00fa sa z tekut\u00e9ho bet\u00f3nu vyliateho do foriem, ktor\u00fd je vibrovan\u00fd.  V\u010faka tomu je jeho povrch ve\u013emi hladk\u00fd.  Pri ich v\u00fdrobe sa nepou\u017e\u00edvaj\u00fa spevnenie kovov\u00e9 v\u00fdstuhy.  Aby fungovali spr\u00e1vne, zo spodnej \u010dasti strie\u0161ky s\u00fa \u017eliabky na odkvapk\u00e1vanie vody vzdialen\u00e9 1,5 cm od okraja, na celej d\u013a\u017eke strie\u0161ky.  Sl\u00fa\u017eia na zakrytie murovan\u00fdch plotov alebo murovan\u00e9ho st\u013apa \u010di m\u00farika.  Mont\u00e1\u017e zabezpe\u010duje obvykle kvalifikovan\u00fd mur\u00e1r. Zvl\u00e1dnete ho v\u0161ak aj sami.  K mont\u00e1\u017ei potrebujete iba z\u00e1kladn\u00e9 mur\u00e1rske n\u00e1stroje a vodov\u00e1hu.  Strie\u0161ky n\u00e1jdu svoje pou\u017eitie pri rodinn\u00fdch domoch, \u010di vilk\u00e1ch.  Murovan\u00e9 ploty, napr. zo \u0161tiepan\u00e9ho bet\u00f3nu s\u00fa dnes ve\u013emi m\u00f3dne. Strie\u0161ky ich vhodne doplnia a ochr\u00e1nia.  Jednoduch\u00fd vzh\u013ead bet\u00f3nov\u00fdch strie\u0161ok je vhodn\u00fd pre ka\u017ed\u00fd typ m\u00faru.  Je vyr\u00e1ban\u00fd v r\u00f4znych farebn\u00fdch odtie\u0148och, a tak si vyberiete vhodn\u00fa farbu pre v\u00e1s plot.  Dodajte svojmu plotu eleganciu v\u010faka kvalitne vyroben\u00fdm bet\u00f3nov\u00fdm strie\u0161kam.\" \/>\n<meta property=\"og:url\" content=\"https:\/\/kamendizajn.sk\/cz\/produkt\/betonova-strieska-hladka-390x270x65\/\" \/>\n<meta property=\"og:site_name\" content=\"Kame\u0148dizajn\" \/>\n<meta property=\"article:modified_time\" content=\"2025-02-17T15:53:15+00:00\" \/>\n<meta property=\"og:image\" content=\"https:\/\/kamendizajn.sk\/wp-content\/uploads\/2025\/02\/betonova-strieska.jpg\" \/>\n\t<meta property=\"og:image:width\" content=\"1024\" \/>\n\t<meta property=\"og:image:height\" content=\"768\" \/>\n\t<meta property=\"og:image:type\" content=\"image\/jpeg\" \/>\n<meta name=\"twitter:card\" content=\"summary_large_image\" \/>\n<meta name=\"twitter:label1\" content=\"Odhadovan\u00e1 doba \u010dten\u00ed\" \/>\n\t<meta name=\"twitter:data1\" content=\"1 minuta\" \/>\n<script type=\"application\/ld+json\" class=\"yoast-schema-graph\">{\"@context\":\"https:\/\/schema.org\",\"@graph\":[{\"@type\":\"WebPage\",\"@id\":\"https:\/\/kamendizajn.sk\/cz\/produkt\/betonova-strieska-hladka-390x270x65\/\",\"url\":\"https:\/\/kamendizajn.sk\/cz\/produkt\/betonova-strieska-hladka-390x270x65\/\",\"name\":\"Bet\u00f3nov\u00e1 strie\u0161ka \u2013 rovn\u00e1 - Kame\u0148dizajn\",\"isPartOf\":{\"@id\":\"https:\/\/kamendizajn.sk\/#website\"},\"primaryImageOfPage\":{\"@id\":\"https:\/\/kamendizajn.sk\/cz\/produkt\/betonova-strieska-hladka-390x270x65\/#primaryimage\"},\"image\":{\"@id\":\"https:\/\/kamendizajn.sk\/cz\/produkt\/betonova-strieska-hladka-390x270x65\/#primaryimage\"},\"thumbnailUrl\":\"https:\/\/kamendizajn.sk\/wp-content\/uploads\/2025\/02\/betonova-strieska.jpg\",\"datePublished\":\"2025-02-04T11:03:09+00:00\",\"dateModified\":\"2025-02-17T15:53:15+00:00\",\"breadcrumb\":{\"@id\":\"https:\/\/kamendizajn.sk\/cz\/produkt\/betonova-strieska-hladka-390x270x65\/#breadcrumb\"},\"inLanguage\":\"cs\",\"potentialAction\":[{\"@type\":\"ReadAction\",\"target\":[\"https:\/\/kamendizajn.sk\/cz\/produkt\/betonova-strieska-hladka-390x270x65\/\"]}]},{\"@type\":\"ImageObject\",\"inLanguage\":\"cs\",\"@id\":\"https:\/\/kamendizajn.sk\/cz\/produkt\/betonova-strieska-hladka-390x270x65\/#primaryimage\",\"url\":\"https:\/\/kamendizajn.sk\/wp-content\/uploads\/2025\/02\/betonova-strieska.jpg\",\"contentUrl\":\"https:\/\/kamendizajn.sk\/wp-content\/uploads\/2025\/02\/betonova-strieska.jpg\",\"width\":1024,\"height\":768},{\"@type\":\"BreadcrumbList\",\"@id\":\"https:\/\/kamendizajn.sk\/cz\/produkt\/betonova-strieska-hladka-390x270x65\/#breadcrumb\",\"itemListElement\":[{\"@type\":\"ListItem\",\"position\":1,\"name\":\"Home\",\"item\":\"https:\/\/kamendizajn.sk\/\"},{\"@type\":\"ListItem\",\"position\":2,\"name\":\"Obchod\",\"item\":\"https:\/\/kamendizajn.sk\/obchod\/\"},{\"@type\":\"ListItem\",\"position\":3,\"name\":\"Bet\u00f3nov\u00e1 strie\u0161ka \u2013 rovn\u00e1\"}]},{\"@type\":\"WebSite\",\"@id\":\"https:\/\/kamendizajn.sk\/#website\",\"url\":\"https:\/\/kamendizajn.sk\/\",\"name\":\"Kame\u0148dizajn\",\"description\":\"Kamenn\u00fd obklad a tehlov\u00fd obklad\",\"publisher\":{\"@id\":\"https:\/\/kamendizajn.sk\/#organization\"},\"potentialAction\":[{\"@type\":\"SearchAction\",\"target\":{\"@type\":\"EntryPoint\",\"urlTemplate\":\"https:\/\/kamendizajn.sk\/?s={search_term_string}\"},\"query-input\":{\"@type\":\"PropertyValueSpecification\",\"valueRequired\":true,\"valueName\":\"search_term_string\"}}],\"inLanguage\":\"cs\"},{\"@type\":\"Organization\",\"@id\":\"https:\/\/kamendizajn.sk\/#organization\",\"name\":\"Kame\u0148dizajn\",\"url\":\"https:\/\/kamendizajn.sk\/\",\"logo\":{\"@type\":\"ImageObject\",\"inLanguage\":\"cs\",\"@id\":\"https:\/\/kamendizajn.sk\/#\/schema\/logo\/image\/\",\"url\":\"https:\/\/kamendizajn.sk\/wp-content\/uploads\/2021\/09\/kamendizajn-logo.png\",\"contentUrl\":\"https:\/\/kamendizajn.sk\/wp-content\/uploads\/2021\/09\/kamendizajn-logo.png\",\"width\":1751,\"height\":369,\"caption\":\"Kame\u0148dizajn\"},\"image\":{\"@id\":\"https:\/\/kamendizajn.sk\/#\/schema\/logo\/image\/\"}}]}<\/script>\n<!-- \/ Yoast SEO plugin. -->","yoast_head_json":{"title":"Bet\u00f3nov\u00e1 strie\u0161ka \u2013 rovn\u00e1 - Kame\u0148dizajn","robots":{"index":"index","follow":"follow","max-snippet":"max-snippet:-1","max-image-preview":"max-image-preview:large","max-video-preview":"max-video-preview:-1"},"canonical":"https:\/\/kamendizajn.sk\/cz\/produkt\/betonova-strieska-hladka-390x270x65\/","og_locale":"cs_CZ","og_type":"article","og_title":"Bet\u00f3nov\u00e1 strie\u0161ka \u2013 rovn\u00e1 - Kame\u0148dizajn","og_description":"Os\u00e1dzaj\u00fa sa na vrchn\u00fa \u010das\u0165, prilepen\u00edm mrazuvzdorn\u00fdm cementov\u00fdm lepidlom. Medzery sa vyp\u013a\u0148aj\u00fa \u0161k\u00e1rovacou hmotou alebo silik\u00f3nom. \u010c\u00edm zamedz\u00edte zatekaniu vody.  In\u0161taluj\u00fa sa na rovn\u00e9 plochy.  Vyr\u00e1baj\u00fa sa v rovnej verzii s v\u00fd\u0161kou 3,5cm  Nie je potrebn\u00e1 \u010fal\u0161ia povrchov\u00e1 \u00faprava.  S\u00fa prisp\u00f4soben\u00e9 vonkaj\u0161\u00edm vplyvom po\u010dasia a tak v\u00e1m bud\u00fa sl\u00fa\u017ei\u0165 dlh\u00e9 roky.  S\u00fa mrazuvzdorn\u00e9.  \u017divotnos\u0165 bet\u00f3nov\u00fdch prvkov je extr\u00e9mne dlh\u00e1.  Bet\u00f3nov\u00e9 strie\u0161ky s\u00fa vyr\u00e1ban\u00e9 z certifikovan\u00e9ho bet\u00f3nu.  Vyr\u00e1baj\u00fa sa z tekut\u00e9ho bet\u00f3nu vyliateho do foriem, ktor\u00fd je vibrovan\u00fd.  V\u010faka tomu je jeho povrch ve\u013emi hladk\u00fd.  Pri ich v\u00fdrobe sa nepou\u017e\u00edvaj\u00fa spevnenie kovov\u00e9 v\u00fdstuhy.  Aby fungovali spr\u00e1vne, zo spodnej \u010dasti strie\u0161ky s\u00fa \u017eliabky na odkvapk\u00e1vanie vody vzdialen\u00e9 1,5 cm od okraja, na celej d\u013a\u017eke strie\u0161ky.  Sl\u00fa\u017eia na zakrytie murovan\u00fdch plotov alebo murovan\u00e9ho st\u013apa \u010di m\u00farika.  Mont\u00e1\u017e zabezpe\u010duje obvykle kvalifikovan\u00fd mur\u00e1r. Zvl\u00e1dnete ho v\u0161ak aj sami.  K mont\u00e1\u017ei potrebujete iba z\u00e1kladn\u00e9 mur\u00e1rske n\u00e1stroje a vodov\u00e1hu.  Strie\u0161ky n\u00e1jdu svoje pou\u017eitie pri rodinn\u00fdch domoch, \u010di vilk\u00e1ch.  Murovan\u00e9 ploty, napr. zo \u0161tiepan\u00e9ho bet\u00f3nu s\u00fa dnes ve\u013emi m\u00f3dne. Strie\u0161ky ich vhodne doplnia a ochr\u00e1nia.  Jednoduch\u00fd vzh\u013ead bet\u00f3nov\u00fdch strie\u0161ok je vhodn\u00fd pre ka\u017ed\u00fd typ m\u00faru.  Je vyr\u00e1ban\u00fd v r\u00f4znych farebn\u00fdch odtie\u0148och, a tak si vyberiete vhodn\u00fa farbu pre v\u00e1s plot.  Dodajte svojmu plotu eleganciu v\u010faka kvalitne vyroben\u00fdm bet\u00f3nov\u00fdm strie\u0161kam.","og_url":"https:\/\/kamendizajn.sk\/cz\/produkt\/betonova-strieska-hladka-390x270x65\/","og_site_name":"Kame\u0148dizajn","article_modified_time":"2025-02-17T15:53:15+00:00","og_image":[{"width":1024,"height":768,"url":"https:\/\/kamendizajn.sk\/wp-content\/uploads\/2025\/02\/betonova-strieska.jpg","type":"image\/jpeg"}],"twitter_card":"summary_large_image","twitter_misc":{"Odhadovan\u00e1 doba \u010dten\u00ed":"1 minuta"},"schema":{"@context":"https:\/\/schema.org","@graph":[{"@type":"WebPage","@id":"https:\/\/kamendizajn.sk\/cz\/produkt\/betonova-strieska-hladka-390x270x65\/","url":"https:\/\/kamendizajn.sk\/cz\/produkt\/betonova-strieska-hladka-390x270x65\/","name":"Bet\u00f3nov\u00e1 strie\u0161ka \u2013 rovn\u00e1 - Kame\u0148dizajn","isPartOf":{"@id":"https:\/\/kamendizajn.sk\/#website"},"primaryImageOfPage":{"@id":"https:\/\/kamendizajn.sk\/cz\/produkt\/betonova-strieska-hladka-390x270x65\/#primaryimage"},"image":{"@id":"https:\/\/kamendizajn.sk\/cz\/produkt\/betonova-strieska-hladka-390x270x65\/#primaryimage"},"thumbnailUrl":"https:\/\/kamendizajn.sk\/wp-content\/uploads\/2025\/02\/betonova-strieska.jpg","datePublished":"2025-02-04T11:03:09+00:00","dateModified":"2025-02-17T15:53:15+00:00","breadcrumb":{"@id":"https:\/\/kamendizajn.sk\/cz\/produkt\/betonova-strieska-hladka-390x270x65\/#breadcrumb"},"inLanguage":"cs","potentialAction":[{"@type":"ReadAction","target":["https:\/\/kamendizajn.sk\/cz\/produkt\/betonova-strieska-hladka-390x270x65\/"]}]},{"@type":"ImageObject","inLanguage":"cs","@id":"https:\/\/kamendizajn.sk\/cz\/produkt\/betonova-strieska-hladka-390x270x65\/#primaryimage","url":"https:\/\/kamendizajn.sk\/wp-content\/uploads\/2025\/02\/betonova-strieska.jpg","contentUrl":"https:\/\/kamendizajn.sk\/wp-content\/uploads\/2025\/02\/betonova-strieska.jpg","width":1024,"height":768},{"@type":"BreadcrumbList","@id":"https:\/\/kamendizajn.sk\/cz\/produkt\/betonova-strieska-hladka-390x270x65\/#breadcrumb","itemListElement":[{"@type":"ListItem","position":1,"name":"Home","item":"https:\/\/kamendizajn.sk\/"},{"@type":"ListItem","position":2,"name":"Obchod","item":"https:\/\/kamendizajn.sk\/obchod\/"},{"@type":"ListItem","position":3,"name":"Bet\u00f3nov\u00e1 strie\u0161ka \u2013 rovn\u00e1"}]},{"@type":"WebSite","@id":"https:\/\/kamendizajn.sk\/#website","url":"https:\/\/kamendizajn.sk\/","name":"Kame\u0148dizajn","description":"Kamenn\u00fd obklad a tehlov\u00fd obklad","publisher":{"@id":"https:\/\/kamendizajn.sk\/#organization"},"potentialAction":[{"@type":"SearchAction","target":{"@type":"EntryPoint","urlTemplate":"https:\/\/kamendizajn.sk\/?s={search_term_string}"},"query-input":{"@type":"PropertyValueSpecification","valueRequired":true,"valueName":"search_term_string"}}],"inLanguage":"cs"},{"@type":"Organization","@id":"https:\/\/kamendizajn.sk\/#organization","name":"Kame\u0148dizajn","url":"https:\/\/kamendizajn.sk\/","logo":{"@type":"ImageObject","inLanguage":"cs","@id":"https:\/\/kamendizajn.sk\/#\/schema\/logo\/image\/","url":"https:\/\/kamendizajn.sk\/wp-content\/uploads\/2021\/09\/kamendizajn-logo.png","contentUrl":"https:\/\/kamendizajn.sk\/wp-content\/uploads\/2021\/09\/kamendizajn-logo.png","width":1751,"height":369,"caption":"Kame\u0148dizajn"},"image":{"@id":"https:\/\/kamendizajn.sk\/#\/schema\/logo\/image\/"}}]}},"_links":{"self":[{"href":"https:\/\/kamendizajn.sk\/cz\/wp-json\/wp\/v2\/product\/915","targetHints":{"allow":["GET"]}}],"collection":[{"href":"https:\/\/kamendizajn.sk\/cz\/wp-json\/wp\/v2\/product"}],"about":[{"href":"https:\/\/kamendizajn.sk\/cz\/wp-json\/wp\/v2\/types\/product"}],"wp:featuredmedia":[{"embeddable":true,"href":"https:\/\/kamendizajn.sk\/cz\/wp-json\/wp\/v2\/media\/918"}],"wp:attachment":[{"href":"https:\/\/kamendizajn.sk\/cz\/wp-json\/wp\/v2\/media?parent=915"}],"wp:term":[{"taxonomy":"product_brand","embeddable":true,"href":"https:\/\/kamendizajn.sk\/cz\/wp-json\/wp\/v2\/product_brand?post=915"},{"taxonomy":"product_cat","embeddable":true,"href":"https:\/\/kamendizajn.sk\/cz\/wp-json\/wp\/v2\/product_cat?post=915"},{"taxonomy":"product_tag","embeddable":true,"href":"https:\/\/kamendizajn.sk\/cz\/wp-json\/wp\/v2\/product_tag?post=915"}],"curies":[{"name":"wp","href":"https:\/\/api.w.org\/{rel}","templated":true}]}}